{"id":502649,"date":"2025-07-07T13:22:12","date_gmt":"2025-07-07T11:22:12","guid":{"rendered":"https:\/\/lucacastelli.com\/prodotto\/milwaukee-flachmeissel\/"},"modified":"2025-07-07T13:22:12","modified_gmt":"2025-07-07T11:22:12","slug":"milwaukee-flachmeissel","status":"publish","type":"product","link":"https:\/\/lucacastelli.com\/de\/produkt\/milwaukee-flachmeissel\/","title":{"rendered":"MILWAUKEE Flachmei\u00dfel"},"content":{"rendered":"<p>Mei\u00dfel f\u00fcr den Einsatz in Kombih\u00e4mmern mit SDS-plus-Werkzeuggeh\u00e4use, geeignet f\u00fcr Bau- und Abbrucharbeiten<\/p>\n","protected":false},"excerpt":{"rendered":"<p>Mei\u00dfel f\u00fcr den Einsatz in Kombih\u00e4mmern mit SDS-plus-Werkzeuggeh\u00e4use, geeignet f\u00fcr Bau- und Abbrucharbeiten<\/p>\n","protected":false},"featured_media":486513,"template":"","meta":{"_seopress_robots_primary_cat":"","_seopress_titles_title":"","_seopress_titles_desc":"","_seopress_robots_index":""},"product_brand":[3656],"product_cat":[1454,169,1535],"product_tag":[3272],"class_list":{"0":"post-502649","1":"product","2":"type-product","3":"status-publish","4":"has-post-thumbnail","6":"product_brand-milwaukee-de","7":"product_cat-andere-gerate","8":"product_cat-maschinen","9":"product_cat-sagen","10":"product_tag-import-milwau-de","11":"sws-gruppo-macchinari-de","12":"sws-conto-ricavi-merci-rivendita-macchinari-de","13":"sws-gruppo-iva-iva81-de","15":"first","16":"instock","17":"sale","18":"shipping-taxable","19":"purchasable","20":"product-type-simple"},"_links":{"self":[{"href":"https:\/\/lucacastelli.com\/de\/wp-json\/wp\/v2\/product\/502649","targetHints":{"allow":["GET"]}}],"collection":[{"href":"https:\/\/lucacastelli.com\/de\/wp-json\/wp\/v2\/product"}],"about":[{"href":"https:\/\/lucacastelli.com\/de\/wp-json\/wp\/v2\/types\/product"}],"wp:featuredmedia":[{"embeddable":true,"href":"https:\/\/lucacastelli.com\/de\/wp-json\/wp\/v2\/media\/486513"}],"wp:attachment":[{"href":"https:\/\/lucacastelli.com\/de\/wp-json\/wp\/v2\/media?parent=502649"}],"wp:term":[{"taxonomy":"product_brand","embeddable":true,"href":"https:\/\/lucacastelli.com\/de\/wp-json\/wp\/v2\/product_brand?post=502649"},{"taxonomy":"product_cat","embeddable":true,"href":"https:\/\/lucacastelli.com\/de\/wp-json\/wp\/v2\/product_cat?post=502649"},{"taxonomy":"product_tag","embeddable":true,"href":"https:\/\/lucacastelli.com\/de\/wp-json\/wp\/v2\/product_tag?post=502649"}],"curies":[{"name":"wp","href":"https:\/\/api.w.org\/{rel}","templated":true}]}}