{"id":502636,"date":"2025-07-09T09:13:14","date_gmt":"2025-07-09T07:13:14","guid":{"rendered":"https:\/\/lucacastelli.com\/prodotto\/milwaukee-gerader-saegeblatt-103\/"},"modified":"2025-07-09T09:13:14","modified_gmt":"2025-07-09T07:13:14","slug":"milwaukee-gerader-saegeblatt-103","status":"publish","type":"product","link":"https:\/\/lucacastelli.com\/de\/produkt\/milwaukee-gerader-saegeblatt-103\/","title":{"rendered":"MILWAUKEE Gerader S\u00e4geblatt"},"content":{"rendered":"<p>3x sch\u00e4rfer f\u00fcr h\u00f6here Geschwindigkeit und pr\u00e4zisere Schnitte; Die Z\u00e4hne sind verst\u00e4rkt und dreifach gesch\u00e4rft, um einen super sauberen Schnitt zu erzielen. Die 1,6 mm dicke Klinge widersteht dem Verbiegen und reduziert Vibrationen<\/p>\n","protected":false},"excerpt":{"rendered":"<p>3x sch\u00e4rfer f\u00fcr h\u00f6here Geschwindigkeit und pr\u00e4zisere Schnitte; Die Z\u00e4hne sind verst\u00e4rkt und dreifach gesch\u00e4rft, um einen super sauberen Schnitt<\/p>\n","protected":false},"featured_media":431744,"template":"","meta":{"_seopress_robots_primary_cat":"","_seopress_titles_title":"","_seopress_titles_desc":"","_seopress_robots_index":""},"product_brand":[3656],"product_cat":[169,1535],"product_tag":[6837],"class_list":{"0":"post-502636","1":"product","2":"type-product","3":"status-publish","4":"has-post-thumbnail","6":"product_brand-milwaukee-de","7":"product_cat-maschinen","8":"product_cat-sagen","9":"product_tag-imp-26-mw_update","10":"sws-gruppo-macchinari-de","11":"sws-conto-ricavi-merci-rivendita-macchinari-de","12":"sws-gruppo-iva-iva81-de","14":"first","15":"instock","16":"sale","17":"shipping-taxable","18":"purchasable","19":"product-type-simple"},"_links":{"self":[{"href":"https:\/\/lucacastelli.com\/de\/wp-json\/wp\/v2\/product\/502636","targetHints":{"allow":["GET"]}}],"collection":[{"href":"https:\/\/lucacastelli.com\/de\/wp-json\/wp\/v2\/product"}],"about":[{"href":"https:\/\/lucacastelli.com\/de\/wp-json\/wp\/v2\/types\/product"}],"wp:featuredmedia":[{"embeddable":true,"href":"https:\/\/lucacastelli.com\/de\/wp-json\/wp\/v2\/media\/431744"}],"wp:attachment":[{"href":"https:\/\/lucacastelli.com\/de\/wp-json\/wp\/v2\/media?parent=502636"}],"wp:term":[{"taxonomy":"product_brand","embeddable":true,"href":"https:\/\/lucacastelli.com\/de\/wp-json\/wp\/v2\/product_brand?post=502636"},{"taxonomy":"product_cat","embeddable":true,"href":"https:\/\/lucacastelli.com\/de\/wp-json\/wp\/v2\/product_cat?post=502636"},{"taxonomy":"product_tag","embeddable":true,"href":"https:\/\/lucacastelli.com\/de\/wp-json\/wp\/v2\/product_tag?post=502636"}],"curies":[{"name":"wp","href":"https:\/\/api.w.org\/{rel}","templated":true}]}}