{"id":502629,"date":"2025-07-09T09:13:13","date_gmt":"2025-07-09T07:13:13","guid":{"rendered":"https:\/\/lucacastelli.com\/prodotto\/milwaukee-gerader-saegeblatt-101\/"},"modified":"2026-04-16T02:36:20","modified_gmt":"2026-04-16T00:36:20","slug":"milwaukee-gerader-saegeblatt-101","status":"publish","type":"product","link":"https:\/\/lucacastelli.com\/de\/produkt\/milwaukee-gerader-saegeblatt-101\/","title":{"rendered":"MILWAUKEE S\u00e4bels\u00e4geblatt"},"content":{"rendered":"<p>S\u00c4GEBLATT SD L\u00e4nge mm\/Zahnteilung 240\/8,5 HCS 3 Stk.<br \/>\nGeeignet f\u00fcr Ausschnitte und Tauchschnitte in Holz;3-mal sch\u00e4rfer f\u00fcr h\u00f6here Geschwindigkeit und pr\u00e4zisere Schnitte;Die Z\u00e4hne sind verst\u00e4rkt und dreifach gesch\u00e4rft f\u00fcr einen super sauberen Schnitt;Das 1,6 mm dicke S\u00e4geblatt widersteht Verbiegungen und reduziert Vibrationen <\/p>\n<p>Holz und Kunststoff.<br \/>\n045242079841<\/p>\n","protected":false},"excerpt":{"rendered":"<p>S\u00c4GEBLATT SD L\u00e4nge mm\/Zahnteilung 240\/8,5 HCS 3 Stk. Geeignet f\u00fcr Ausschnitte und Tauchschnitte in Holz;3-mal sch\u00e4rfer f\u00fcr h\u00f6here Geschwindigkeit und<\/p>\n","protected":false},"featured_media":431759,"template":"","meta":{"_seopress_robots_primary_cat":"","_seopress_titles_title":"","_seopress_titles_desc":"","_seopress_robots_index":""},"product_brand":[3407],"product_cat":[29,558],"product_tag":[6834],"class_list":{"0":"post-502629","1":"product","2":"type-product","3":"status-publish","4":"has-post-thumbnail","6":"product_brand-milwaukee","7":"product_cat-macchinari","8":"product_cat-seghe-accessori-vari","9":"product_tag-imp-26-mw_update","10":"sws-gruppo-macchinari-de","11":"sws-conto-ricavi-merci-rivendita-macchinari-de","12":"sws-gruppo-iva-iva81-de","14":"first","15":"instock","16":"sale","17":"shipping-taxable","18":"purchasable","19":"product-type-simple"},"_links":{"self":[{"href":"https:\/\/lucacastelli.com\/de\/wp-json\/wp\/v2\/product\/502629","targetHints":{"allow":["GET"]}}],"collection":[{"href":"https:\/\/lucacastelli.com\/de\/wp-json\/wp\/v2\/product"}],"about":[{"href":"https:\/\/lucacastelli.com\/de\/wp-json\/wp\/v2\/types\/product"}],"wp:featuredmedia":[{"embeddable":true,"href":"https:\/\/lucacastelli.com\/de\/wp-json\/wp\/v2\/media\/431759"}],"wp:attachment":[{"href":"https:\/\/lucacastelli.com\/de\/wp-json\/wp\/v2\/media?parent=502629"}],"wp:term":[{"taxonomy":"product_brand","embeddable":true,"href":"https:\/\/lucacastelli.com\/de\/wp-json\/wp\/v2\/product_brand?post=502629"},{"taxonomy":"product_cat","embeddable":true,"href":"https:\/\/lucacastelli.com\/de\/wp-json\/wp\/v2\/product_cat?post=502629"},{"taxonomy":"product_tag","embeddable":true,"href":"https:\/\/lucacastelli.com\/de\/wp-json\/wp\/v2\/product_tag?post=502629"}],"curies":[{"name":"wp","href":"https:\/\/api.w.org\/{rel}","templated":true}]}}