{"id":502616,"date":"2025-07-09T09:00:59","date_gmt":"2025-07-09T07:00:59","guid":{"rendered":"https:\/\/lucacastelli.com\/prodotto\/milwaukee-gerader-saegeblatt-97\/"},"modified":"2025-07-09T09:00:59","modified_gmt":"2025-07-09T07:00:59","slug":"milwaukee-gerader-saegeblatt-97","status":"publish","type":"product","link":"https:\/\/lucacastelli.com\/de\/produkt\/milwaukee-gerader-saegeblatt-97\/","title":{"rendered":"MILWAUKEE Gerader S\u00e4geblatt"},"content":{"rendered":"<p>Spezifische Klingen f\u00fcr Milwaukee C12 HZ und M12 CHZ; Entfernungsklinge: zum Entfernen von Fugen, M\u00f6rtel oder Klebstoff<\/p>\n","protected":false},"excerpt":{"rendered":"<p>Spezifische Klingen f\u00fcr Milwaukee C12 HZ und M12 CHZ; Entfernungsklinge: zum Entfernen von Fugen, M\u00f6rtel oder Klebstoff<\/p>\n","protected":false},"featured_media":485467,"template":"","meta":{"_seopress_robots_primary_cat":"","_seopress_titles_title":"","_seopress_titles_desc":"","_seopress_robots_index":""},"product_brand":[3656],"product_cat":[169,1535],"product_tag":[3272],"class_list":{"0":"post-502616","1":"product","2":"type-product","3":"status-publish","4":"has-post-thumbnail","6":"product_brand-milwaukee-de","7":"product_cat-maschinen","8":"product_cat-sagen","9":"product_tag-import-milwau-de","10":"sws-gruppo-macchinari-de","11":"sws-conto-ricavi-merci-rivendita-macchinari-de","12":"sws-gruppo-iva-iva81-de","14":"first","15":"instock","16":"sale","17":"shipping-taxable","18":"purchasable","19":"product-type-simple"},"_links":{"self":[{"href":"https:\/\/lucacastelli.com\/de\/wp-json\/wp\/v2\/product\/502616","targetHints":{"allow":["GET"]}}],"collection":[{"href":"https:\/\/lucacastelli.com\/de\/wp-json\/wp\/v2\/product"}],"about":[{"href":"https:\/\/lucacastelli.com\/de\/wp-json\/wp\/v2\/types\/product"}],"wp:featuredmedia":[{"embeddable":true,"href":"https:\/\/lucacastelli.com\/de\/wp-json\/wp\/v2\/media\/485467"}],"wp:attachment":[{"href":"https:\/\/lucacastelli.com\/de\/wp-json\/wp\/v2\/media?parent=502616"}],"wp:term":[{"taxonomy":"product_brand","embeddable":true,"href":"https:\/\/lucacastelli.com\/de\/wp-json\/wp\/v2\/product_brand?post=502616"},{"taxonomy":"product_cat","embeddable":true,"href":"https:\/\/lucacastelli.com\/de\/wp-json\/wp\/v2\/product_cat?post=502616"},{"taxonomy":"product_tag","embeddable":true,"href":"https:\/\/lucacastelli.com\/de\/wp-json\/wp\/v2\/product_tag?post=502616"}],"curies":[{"name":"wp","href":"https:\/\/api.w.org\/{rel}","templated":true}]}}