{"id":502598,"date":"2025-07-09T09:00:50","date_gmt":"2025-07-09T07:00:50","guid":{"rendered":"https:\/\/lucacastelli.com\/prodotto\/milwaukee-stichsaegeblatt-9\/"},"modified":"2025-07-09T09:00:50","modified_gmt":"2025-07-09T07:00:50","slug":"milwaukee-stichsaegeblatt-9","status":"publish","type":"product","link":"https:\/\/lucacastelli.com\/de\/produkt\/milwaukee-stichsaegeblatt-9\/","title":{"rendered":"MILWAUKEE Stichs\u00e4geblatt"},"content":{"rendered":"<p>Gefr\u00e4ste, gewellte Verzahnungen sind ideal f\u00fcr Schnitte ohne besondere Anforderungen; Die Klinge aus hochwertigem, geh\u00e4rtetem HSS-Stahl ist auch f\u00fcr ungelochte Bleche geeignet; Passend f\u00fcr alle T-Schaft-Stichs\u00e4gen<\/p>\n","protected":false},"excerpt":{"rendered":"<p>Gefr\u00e4ste, gewellte Verzahnungen sind ideal f\u00fcr Schnitte ohne besondere Anforderungen; Die Klinge aus hochwertigem, geh\u00e4rtetem HSS-Stahl ist auch f\u00fcr ungelochte<\/p>\n","protected":false},"featured_media":485879,"template":"","meta":{"_seopress_robots_primary_cat":"","_seopress_titles_title":"","_seopress_titles_desc":"","_seopress_robots_index":""},"product_brand":[3407],"product_cat":[29,558],"product_tag":[3270],"class_list":{"0":"post-502598","1":"product","2":"type-product","3":"status-publish","4":"has-post-thumbnail","6":"product_brand-milwaukee","7":"product_cat-macchinari","8":"product_cat-seghe-accessori-vari","9":"product_tag-import-milwau","10":"sws-gruppo-macchinari-de","11":"sws-conto-ricavi-merci-rivendita-macchinari-de","12":"sws-gruppo-iva-iva81-de","14":"first","15":"instock","16":"sale","17":"shipping-taxable","18":"purchasable","19":"product-type-simple"},"_links":{"self":[{"href":"https:\/\/lucacastelli.com\/de\/wp-json\/wp\/v2\/product\/502598","targetHints":{"allow":["GET"]}}],"collection":[{"href":"https:\/\/lucacastelli.com\/de\/wp-json\/wp\/v2\/product"}],"about":[{"href":"https:\/\/lucacastelli.com\/de\/wp-json\/wp\/v2\/types\/product"}],"wp:featuredmedia":[{"embeddable":true,"href":"https:\/\/lucacastelli.com\/de\/wp-json\/wp\/v2\/media\/485879"}],"wp:attachment":[{"href":"https:\/\/lucacastelli.com\/de\/wp-json\/wp\/v2\/media?parent=502598"}],"wp:term":[{"taxonomy":"product_brand","embeddable":true,"href":"https:\/\/lucacastelli.com\/de\/wp-json\/wp\/v2\/product_brand?post=502598"},{"taxonomy":"product_cat","embeddable":true,"href":"https:\/\/lucacastelli.com\/de\/wp-json\/wp\/v2\/product_cat?post=502598"},{"taxonomy":"product_tag","embeddable":true,"href":"https:\/\/lucacastelli.com\/de\/wp-json\/wp\/v2\/product_tag?post=502598"}],"curies":[{"name":"wp","href":"https:\/\/api.w.org\/{rel}","templated":true}]}}