{"id":502571,"date":"2025-07-09T09:00:37","date_gmt":"2025-07-09T07:00:37","guid":{"rendered":"https:\/\/lucacastelli.com\/prodotto\/milwaukee-stichsaegeblatt-3\/"},"modified":"2025-07-09T09:00:37","modified_gmt":"2025-07-09T07:00:37","slug":"milwaukee-stichsaegeblatt-3","status":"publish","type":"product","link":"https:\/\/lucacastelli.com\/de\/produkt\/milwaukee-stichsaegeblatt-3\/","title":{"rendered":"MILWAUKEE Stichs\u00e4geblatt"},"content":{"rendered":"<p>Besonders geeignet zum Schneiden von sehr d\u00fcnnen Materialien wie Blechen, da es eine Teilung von 0,7 mm hat; F\u00fcr Profis, die Klingen mit einer langen Lebensdauer und Haltbarkeit w\u00fcnschen, empfehlen wir die Verwendung von Bimetall-Klingen in Kombination mit einem Schneidschmiermittel zur K\u00fchlung. Denken Sie nur daran, dass die Lebensdauer dieser Klingen doppelt so lang ist wie bei nicht-bimetallischen Klingen <\/p>\n","protected":false},"excerpt":{"rendered":"<p>Besonders geeignet zum Schneiden von sehr d\u00fcnnen Materialien wie Blechen, da es eine Teilung von 0,7 mm hat; F\u00fcr Profis,<\/p>\n","protected":false},"featured_media":485943,"template":"","meta":{"_seopress_robots_primary_cat":"","_seopress_titles_title":"","_seopress_titles_desc":"","_seopress_robots_index":""},"product_brand":[3407],"product_cat":[29,558],"product_tag":[3270],"class_list":{"0":"post-502571","1":"product","2":"type-product","3":"status-publish","4":"has-post-thumbnail","6":"product_brand-milwaukee","7":"product_cat-macchinari","8":"product_cat-seghe-accessori-vari","9":"product_tag-import-milwau","10":"sws-gruppo-macchinari-de","11":"sws-conto-ricavi-merci-rivendita-macchinari-de","12":"sws-gruppo-iva-iva81-de","14":"first","15":"instock","16":"sale","17":"shipping-taxable","18":"purchasable","19":"product-type-simple"},"_links":{"self":[{"href":"https:\/\/lucacastelli.com\/de\/wp-json\/wp\/v2\/product\/502571","targetHints":{"allow":["GET"]}}],"collection":[{"href":"https:\/\/lucacastelli.com\/de\/wp-json\/wp\/v2\/product"}],"about":[{"href":"https:\/\/lucacastelli.com\/de\/wp-json\/wp\/v2\/types\/product"}],"wp:featuredmedia":[{"embeddable":true,"href":"https:\/\/lucacastelli.com\/de\/wp-json\/wp\/v2\/media\/485943"}],"wp:attachment":[{"href":"https:\/\/lucacastelli.com\/de\/wp-json\/wp\/v2\/media?parent=502571"}],"wp:term":[{"taxonomy":"product_brand","embeddable":true,"href":"https:\/\/lucacastelli.com\/de\/wp-json\/wp\/v2\/product_brand?post=502571"},{"taxonomy":"product_cat","embeddable":true,"href":"https:\/\/lucacastelli.com\/de\/wp-json\/wp\/v2\/product_cat?post=502571"},{"taxonomy":"product_tag","embeddable":true,"href":"https:\/\/lucacastelli.com\/de\/wp-json\/wp\/v2\/product_tag?post=502571"}],"curies":[{"name":"wp","href":"https:\/\/api.w.org\/{rel}","templated":true}]}}