{"id":502562,"date":"2025-07-08T17:52:56","date_gmt":"2025-07-08T15:52:56","guid":{"rendered":"https:\/\/lucacastelli.com\/prodotto\/milwaukee-duesen\/"},"modified":"2025-07-08T17:52:56","modified_gmt":"2025-07-08T15:52:56","slug":"milwaukee-duesen","status":"publish","type":"product","link":"https:\/\/lucacastelli.com\/de\/produkt\/milwaukee-duesen\/","title":{"rendered":"MILWAUKEE D\u00fcsen"},"content":{"rendered":"<p>Set mit 4 D\u00fcsen f\u00fcr M12 BPRT (2,4 &#8211; 3,2 &#8211; 4,0 &#8211; 4,8 mm); D\u00fcsen halten Nieten in jedem Winkel<\/p>\n","protected":false},"excerpt":{"rendered":"<p>Set mit 4 D\u00fcsen f\u00fcr M12 BPRT (2,4 &#8211; 3,2 &#8211; 4,0 &#8211; 4,8 mm); D\u00fcsen halten Nieten in jedem<\/p>\n","protected":false},"featured_media":484794,"template":"","meta":{"_seopress_robots_primary_cat":"","_seopress_titles_title":"","_seopress_titles_desc":"","_seopress_robots_index":""},"product_brand":[3656],"product_cat":[169,1553,1554],"product_tag":[3272],"class_list":{"0":"post-502562","1":"product","2":"type-product","3":"status-publish","4":"has-post-thumbnail","6":"product_brand-milwaukee-de","7":"product_cat-maschinen","8":"product_cat-bohrer-und-schraubendreher","9":"product_cat-zubehor-fur-bohrmaschinen-und-schraubendreher","10":"product_tag-import-milwau-de","11":"sws-gruppo-macchinari-de","12":"sws-conto-ricavi-merci-rivendita-macchinari-de","13":"sws-gruppo-iva-iva81-de","15":"first","16":"instock","17":"sale","18":"shipping-taxable","19":"purchasable","20":"product-type-simple"},"_links":{"self":[{"href":"https:\/\/lucacastelli.com\/de\/wp-json\/wp\/v2\/product\/502562","targetHints":{"allow":["GET"]}}],"collection":[{"href":"https:\/\/lucacastelli.com\/de\/wp-json\/wp\/v2\/product"}],"about":[{"href":"https:\/\/lucacastelli.com\/de\/wp-json\/wp\/v2\/types\/product"}],"wp:featuredmedia":[{"embeddable":true,"href":"https:\/\/lucacastelli.com\/de\/wp-json\/wp\/v2\/media\/484794"}],"wp:attachment":[{"href":"https:\/\/lucacastelli.com\/de\/wp-json\/wp\/v2\/media?parent=502562"}],"wp:term":[{"taxonomy":"product_brand","embeddable":true,"href":"https:\/\/lucacastelli.com\/de\/wp-json\/wp\/v2\/product_brand?post=502562"},{"taxonomy":"product_cat","embeddable":true,"href":"https:\/\/lucacastelli.com\/de\/wp-json\/wp\/v2\/product_cat?post=502562"},{"taxonomy":"product_tag","embeddable":true,"href":"https:\/\/lucacastelli.com\/de\/wp-json\/wp\/v2\/product_tag?post=502562"}],"curies":[{"name":"wp","href":"https:\/\/api.w.org\/{rel}","templated":true}]}}