{"id":502516,"date":"2025-07-09T09:12:48","date_gmt":"2025-07-09T07:12:48","guid":{"rendered":"https:\/\/lucacastelli.com\/prodotto\/milwaukee-gerader-saegeblatt-84\/"},"modified":"2026-04-16T02:34:51","modified_gmt":"2026-04-16T00:34:51","slug":"milwaukee-gerader-saegeblatt-84","status":"publish","type":"product","link":"https:\/\/lucacastelli.com\/de\/produkt\/milwaukee-gerader-saegeblatt-84\/","title":{"rendered":"MILWAUKEE S\u00e4bels\u00e4geblatt"},"content":{"rendered":"<p>SD-S\u00c4GEBLATT L\u00e4nge mm\/Verzahnung 300\/5 &#8211; 1 Stk.<br \/>\nGeeignet f\u00fcr b\u00fcndige Schnitte in: Holz, Holz mit N\u00e4geln; S\u00e4geblatt zum Schneiden und Entfernen von Fensterrahmen und St\u00e4ndern. B\u00fcndiger Schnitt ohne Besch\u00e4digung der Oberfl\u00e4che; Extra hohes S\u00e4geblatt &#8211; S\u00e4geblattf\u00fchrung f\u00fcr h\u00f6chste Schneidgenauigkeit; FANG TIP &#8211; f\u00fcr einfaches und schnelles Tauchschneiden; Geeignet f\u00fcr das Schneiden aller Holzarten und Holz mit N\u00e4geln. Nicht geeignet f\u00fcr das Schneiden von Ziegeln, Mauerwerk oder Stahl   <\/p>\n<p>Spezialanwendungen: S\u00e4geblatt f\u00fcr b\u00fcndige Schnitte<br \/>\n045242253272<\/p>\n","protected":false},"excerpt":{"rendered":"<p>SD-S\u00c4GEBLATT L\u00e4nge mm\/Verzahnung 300\/5 &#8211; 1 Stk. Geeignet f\u00fcr b\u00fcndige Schnitte in: Holz, Holz mit N\u00e4geln; S\u00e4geblatt zum Schneiden und<\/p>\n","protected":false},"featured_media":431809,"template":"","meta":{"_seopress_robots_primary_cat":"","_seopress_titles_title":"","_seopress_titles_desc":"","_seopress_robots_index":""},"product_brand":[3407],"product_cat":[29,558],"product_tag":[6834],"class_list":{"0":"post-502516","1":"product","2":"type-product","3":"status-publish","4":"has-post-thumbnail","6":"product_brand-milwaukee","7":"product_cat-macchinari","8":"product_cat-seghe-accessori-vari","9":"product_tag-imp-26-mw_update","10":"sws-gruppo-macchinari-de","11":"sws-conto-ricavi-merci-rivendita-macchinari-de","12":"sws-gruppo-iva-iva81-de","14":"first","15":"instock","16":"sale","17":"shipping-taxable","18":"purchasable","19":"product-type-simple"},"_links":{"self":[{"href":"https:\/\/lucacastelli.com\/de\/wp-json\/wp\/v2\/product\/502516","targetHints":{"allow":["GET"]}}],"collection":[{"href":"https:\/\/lucacastelli.com\/de\/wp-json\/wp\/v2\/product"}],"about":[{"href":"https:\/\/lucacastelli.com\/de\/wp-json\/wp\/v2\/types\/product"}],"wp:featuredmedia":[{"embeddable":true,"href":"https:\/\/lucacastelli.com\/de\/wp-json\/wp\/v2\/media\/431809"}],"wp:attachment":[{"href":"https:\/\/lucacastelli.com\/de\/wp-json\/wp\/v2\/media?parent=502516"}],"wp:term":[{"taxonomy":"product_brand","embeddable":true,"href":"https:\/\/lucacastelli.com\/de\/wp-json\/wp\/v2\/product_brand?post=502516"},{"taxonomy":"product_cat","embeddable":true,"href":"https:\/\/lucacastelli.com\/de\/wp-json\/wp\/v2\/product_cat?post=502516"},{"taxonomy":"product_tag","embeddable":true,"href":"https:\/\/lucacastelli.com\/de\/wp-json\/wp\/v2\/product_tag?post=502516"}],"curies":[{"name":"wp","href":"https:\/\/api.w.org\/{rel}","templated":true}]}}