{"id":502512,"date":"2025-07-09T09:12:44","date_gmt":"2025-07-09T07:12:44","guid":{"rendered":"https:\/\/lucacastelli.com\/prodotto\/milwaukee-gerader-saegeblatt-82\/"},"modified":"2025-07-09T09:12:44","modified_gmt":"2025-07-09T07:12:44","slug":"milwaukee-gerader-saegeblatt-82","status":"publish","type":"product","link":"https:\/\/lucacastelli.com\/de\/produkt\/milwaukee-gerader-saegeblatt-82\/","title":{"rendered":"MILWAUKEE Gerader S\u00e4geblatt"},"content":{"rendered":"<p>FANG TIP: zum einfachen Einsinken in das Material in engen Bereichen; NAGELSCHUTZ : Sch\u00fctzt die Z\u00e4hne w\u00e4hrend der Anwendung, wenn die Z\u00e4hne der Klinge auf eisenhaltige Elemente wie N\u00e4gel, Bolzen usw. treffen. Dies erh\u00f6ht die Dauer; H\u00e4rte: 1,60 mm Klingenst\u00e4rke, ideal f\u00fcr Holz mit N\u00e4geln und Bolzen; Geschwindigkeit: Die besondere Geometrie der Klinge erm\u00f6glicht eine schnelle Entfernung des Materials und einen schnelleren Schnitt; Schr\u00e4ge Form: hervorragend zum Eintauchen und Greifen in engen Bereichen; Flexibilit\u00e4t: Die Bimetallkonstruktion erm\u00f6glicht es der Klinge, sich zu biegen und zu biegen, ohne zu brechen <\/p>\n","protected":false},"excerpt":{"rendered":"<p>FANG TIP: zum einfachen Einsinken in das Material in engen Bereichen; NAGELSCHUTZ : Sch\u00fctzt die Z\u00e4hne w\u00e4hrend der Anwendung, wenn<\/p>\n","protected":false},"featured_media":431838,"template":"","meta":{"_seopress_robots_primary_cat":"","_seopress_titles_title":"","_seopress_titles_desc":"","_seopress_robots_index":""},"product_brand":[3407],"product_cat":[29,558],"product_tag":[3270],"class_list":{"0":"post-502512","1":"product","2":"type-product","3":"status-publish","4":"has-post-thumbnail","6":"product_brand-milwaukee","7":"product_cat-macchinari","8":"product_cat-seghe-accessori-vari","9":"product_tag-import-milwau","10":"sws-gruppo-macchinari-de","11":"sws-conto-ricavi-merci-rivendita-macchinari-de","12":"sws-gruppo-iva-iva81-de","14":"first","15":"instock","16":"sale","17":"shipping-taxable","18":"purchasable","19":"product-type-simple"},"_links":{"self":[{"href":"https:\/\/lucacastelli.com\/de\/wp-json\/wp\/v2\/product\/502512","targetHints":{"allow":["GET"]}}],"collection":[{"href":"https:\/\/lucacastelli.com\/de\/wp-json\/wp\/v2\/product"}],"about":[{"href":"https:\/\/lucacastelli.com\/de\/wp-json\/wp\/v2\/types\/product"}],"wp:featuredmedia":[{"embeddable":true,"href":"https:\/\/lucacastelli.com\/de\/wp-json\/wp\/v2\/media\/431838"}],"wp:attachment":[{"href":"https:\/\/lucacastelli.com\/de\/wp-json\/wp\/v2\/media?parent=502512"}],"wp:term":[{"taxonomy":"product_brand","embeddable":true,"href":"https:\/\/lucacastelli.com\/de\/wp-json\/wp\/v2\/product_brand?post=502512"},{"taxonomy":"product_cat","embeddable":true,"href":"https:\/\/lucacastelli.com\/de\/wp-json\/wp\/v2\/product_cat?post=502512"},{"taxonomy":"product_tag","embeddable":true,"href":"https:\/\/lucacastelli.com\/de\/wp-json\/wp\/v2\/product_tag?post=502512"}],"curies":[{"name":"wp","href":"https:\/\/api.w.org\/{rel}","templated":true}]}}