{"id":502486,"date":"2025-07-09T09:12:38","date_gmt":"2025-07-09T07:12:38","guid":{"rendered":"https:\/\/lucacastelli.com\/prodotto\/milwaukee-gerader-saegeblatt-74\/"},"modified":"2025-07-09T09:12:38","modified_gmt":"2025-07-09T07:12:38","slug":"milwaukee-gerader-saegeblatt-74","status":"publish","type":"product","link":"https:\/\/lucacastelli.com\/de\/produkt\/milwaukee-gerader-saegeblatt-74\/","title":{"rendered":"MILWAUKEE Gerader S\u00e4geblatt"},"content":{"rendered":"<p>Pr\u00e4zise Schnitttiefe &#8211; nur 63 mm L\u00e4nge erm\u00f6glicht den Schutz vor unbeabsichtigtem Schneiden von Rohren und elektrischen Kabeln; Z\u00e4hne auf beiden Seiten der Klinge &#8211; schneidet in alle Richtungen &#8211; produziert weniger Staub als eine Hands\u00e4ge und hat einen saubereren Schnitt; Schnelles und m\u00fcheloses Einstechschneiden<\/p>\n","protected":false},"excerpt":{"rendered":"<p>Pr\u00e4zise Schnitttiefe &#8211; nur 63 mm L\u00e4nge erm\u00f6glicht den Schutz vor unbeabsichtigtem Schneiden von Rohren und elektrischen Kabeln; Z\u00e4hne auf<\/p>\n","protected":false},"featured_media":431828,"template":"","meta":{"_seopress_robots_primary_cat":"","_seopress_titles_title":"","_seopress_titles_desc":"","_seopress_robots_index":""},"product_brand":[3407],"product_cat":[29,558],"product_tag":[3270],"class_list":{"0":"post-502486","1":"product","2":"type-product","3":"status-publish","4":"has-post-thumbnail","6":"product_brand-milwaukee","7":"product_cat-macchinari","8":"product_cat-seghe-accessori-vari","9":"product_tag-import-milwau","10":"sws-gruppo-macchinari-de","11":"sws-conto-ricavi-merci-rivendita-macchinari-de","12":"sws-gruppo-iva-iva81-de","14":"first","15":"instock","16":"sale","17":"shipping-taxable","18":"purchasable","19":"product-type-simple"},"_links":{"self":[{"href":"https:\/\/lucacastelli.com\/de\/wp-json\/wp\/v2\/product\/502486","targetHints":{"allow":["GET"]}}],"collection":[{"href":"https:\/\/lucacastelli.com\/de\/wp-json\/wp\/v2\/product"}],"about":[{"href":"https:\/\/lucacastelli.com\/de\/wp-json\/wp\/v2\/types\/product"}],"wp:featuredmedia":[{"embeddable":true,"href":"https:\/\/lucacastelli.com\/de\/wp-json\/wp\/v2\/media\/431828"}],"wp:attachment":[{"href":"https:\/\/lucacastelli.com\/de\/wp-json\/wp\/v2\/media?parent=502486"}],"wp:term":[{"taxonomy":"product_brand","embeddable":true,"href":"https:\/\/lucacastelli.com\/de\/wp-json\/wp\/v2\/product_brand?post=502486"},{"taxonomy":"product_cat","embeddable":true,"href":"https:\/\/lucacastelli.com\/de\/wp-json\/wp\/v2\/product_cat?post=502486"},{"taxonomy":"product_tag","embeddable":true,"href":"https:\/\/lucacastelli.com\/de\/wp-json\/wp\/v2\/product_tag?post=502486"}],"curies":[{"name":"wp","href":"https:\/\/api.w.org\/{rel}","templated":true}]}}