{"id":502393,"date":"2025-07-09T09:06:29","date_gmt":"2025-07-09T07:06:29","guid":{"rendered":"https:\/\/lucacastelli.com\/prodotto\/milwaukee-gerader-saegeblatt-43\/"},"modified":"2025-07-09T09:06:29","modified_gmt":"2025-07-09T07:06:29","slug":"milwaukee-gerader-saegeblatt-43","status":"publish","type":"product","link":"https:\/\/lucacastelli.com\/de\/produkt\/milwaukee-gerader-saegeblatt-43\/","title":{"rendered":"MILWAUKEE Gerader S\u00e4geblatt"},"content":{"rendered":"<p>30-mal haltbarer als Standard-Bimetall-Klingen. Hartmetallz\u00e4hne erm\u00f6glichen maximale Haltbarkeit in den anspruchsvollsten Anwendungen. Erm\u00f6glicht das Schneiden der h\u00e4rtesten Schrauben; 2x schneller. Ein sehr aggressives Zahndesign erm\u00f6glicht ein schnelleres Schneiden in einer Vielzahl von Baumaterialien (Holz \/ N\u00e4gel \/ Bolzen \/ Schrauben \/ Gusseisend\u00e4cher \/ Teerdacheindeckungen); 25 % mehr Schnitte pro Ladung. Optimiert f\u00fcr die Verwendung mit Akku-Werkzeugen; FANG TIP: zum einfachen Einsinken in das Material in engen Bereichen; NAGELSCHUTZ : Sch\u00fctzt die Z\u00e4hne w\u00e4hrend der Anwendung, wenn die Z\u00e4hne der Klinge auf eisenhaltige Elemente wie N\u00e4gel, Bolzen usw. treffen. Dies erh\u00f6ht die Haltbarkeit; Schr\u00e4ge Form, hervorragend geeignet f\u00fcr Tauchschnitte und zum Erreichen enger Bereiche     <\/p>\n","protected":false},"excerpt":{"rendered":"<p>30-mal haltbarer als Standard-Bimetall-Klingen. Hartmetallz\u00e4hne erm\u00f6glichen maximale Haltbarkeit in den anspruchsvollsten Anwendungen. Erm\u00f6glicht das Schneiden der h\u00e4rtesten Schrauben; 2x schneller.<\/p>\n","protected":false},"featured_media":432201,"template":"","meta":{"_seopress_robots_primary_cat":"","_seopress_titles_title":"","_seopress_titles_desc":"","_seopress_robots_index":""},"product_brand":[3407],"product_cat":[29,558],"product_tag":[3270],"class_list":{"0":"post-502393","1":"product","2":"type-product","3":"status-publish","4":"has-post-thumbnail","6":"product_brand-milwaukee","7":"product_cat-macchinari","8":"product_cat-seghe-accessori-vari","9":"product_tag-import-milwau","10":"sws-gruppo-macchinari-de","11":"sws-conto-ricavi-merci-rivendita-macchinari-de","12":"sws-gruppo-iva-iva81-de","14":"first","15":"instock","16":"sale","17":"shipping-taxable","18":"purchasable","19":"product-type-simple"},"_links":{"self":[{"href":"https:\/\/lucacastelli.com\/de\/wp-json\/wp\/v2\/product\/502393","targetHints":{"allow":["GET"]}}],"collection":[{"href":"https:\/\/lucacastelli.com\/de\/wp-json\/wp\/v2\/product"}],"about":[{"href":"https:\/\/lucacastelli.com\/de\/wp-json\/wp\/v2\/types\/product"}],"wp:featuredmedia":[{"embeddable":true,"href":"https:\/\/lucacastelli.com\/de\/wp-json\/wp\/v2\/media\/432201"}],"wp:attachment":[{"href":"https:\/\/lucacastelli.com\/de\/wp-json\/wp\/v2\/media?parent=502393"}],"wp:term":[{"taxonomy":"product_brand","embeddable":true,"href":"https:\/\/lucacastelli.com\/de\/wp-json\/wp\/v2\/product_brand?post=502393"},{"taxonomy":"product_cat","embeddable":true,"href":"https:\/\/lucacastelli.com\/de\/wp-json\/wp\/v2\/product_cat?post=502393"},{"taxonomy":"product_tag","embeddable":true,"href":"https:\/\/lucacastelli.com\/de\/wp-json\/wp\/v2\/product_tag?post=502393"}],"curies":[{"name":"wp","href":"https:\/\/api.w.org\/{rel}","templated":true}]}}