{"id":502388,"date":"2025-07-09T09:06:28","date_gmt":"2025-07-09T07:06:28","guid":{"rendered":"https:\/\/lucacastelli.com\/prodotto\/milwaukee-gerader-saegeblatt-41\/"},"modified":"2025-07-09T09:06:28","modified_gmt":"2025-07-09T07:06:28","slug":"milwaukee-gerader-saegeblatt-41","status":"publish","type":"product","link":"https:\/\/lucacastelli.com\/de\/produkt\/milwaukee-gerader-saegeblatt-41\/","title":{"rendered":"MILWAUKEE Gerader S\u00e4geblatt"},"content":{"rendered":"<p>Die WRECKER\u2122 Multimaterial-R\u00fcden mit Hartmetallz\u00e4hnen schneiden alle Materialien aus dickem Metall, Gusseisen, Holz mit N\u00e4geln, geh\u00e4rteten Schrauben und Bolzen; Bis zu 50-mal l\u00e4ngere Lebensdauer als Standard-Bimetallklingen. Hartmetallz\u00e4hne sorgen f\u00fcr eine lange Lebensdauer auch bei h\u00e4rtesten Anwendungen; Bis zu 25 % mehr Schnitte pro Ladung als bei Standard-Bimetall-Klingen. Optimiert f\u00fcr die Verwendung mit Akku-Werkzeugen; FANG TIP\u2122 zum einfachen Versenken und Erreichen beengter Bereiche; Robuster 1,27 mm Klingenk\u00f6rper f\u00fcr pr\u00e4zise, gerade Schnitte; Klingenh\u00f6he von 25 mm f\u00fcr bessere Stabilit\u00e4t und minimale Vibrationen; Ideal f\u00fcr den Abbruch mehrerer Materialien (Holz mit N\u00e4geln oder geh\u00e4rteten Befestigungselementen, Gusseisen und dickes Metall)  <\/p>\n","protected":false},"excerpt":{"rendered":"<p>Die WRECKER\u2122 Multimaterial-R\u00fcden mit Hartmetallz\u00e4hnen schneiden alle Materialien aus dickem Metall, Gusseisen, Holz mit N\u00e4geln, geh\u00e4rteten Schrauben und Bolzen; Bis<\/p>\n","protected":false},"featured_media":432210,"template":"","meta":{"_seopress_robots_primary_cat":"","_seopress_titles_title":"","_seopress_titles_desc":"","_seopress_robots_index":""},"product_brand":[3407],"product_cat":[29,558],"product_tag":[3270],"class_list":{"0":"post-502388","1":"product","2":"type-product","3":"status-publish","4":"has-post-thumbnail","6":"product_brand-milwaukee","7":"product_cat-macchinari","8":"product_cat-seghe-accessori-vari","9":"product_tag-import-milwau","10":"sws-gruppo-macchinari-de","11":"sws-conto-ricavi-merci-rivendita-macchinari-de","12":"sws-gruppo-iva-iva81-de","14":"first","15":"instock","16":"sale","17":"shipping-taxable","18":"purchasable","19":"product-type-simple"},"_links":{"self":[{"href":"https:\/\/lucacastelli.com\/de\/wp-json\/wp\/v2\/product\/502388","targetHints":{"allow":["GET"]}}],"collection":[{"href":"https:\/\/lucacastelli.com\/de\/wp-json\/wp\/v2\/product"}],"about":[{"href":"https:\/\/lucacastelli.com\/de\/wp-json\/wp\/v2\/types\/product"}],"wp:featuredmedia":[{"embeddable":true,"href":"https:\/\/lucacastelli.com\/de\/wp-json\/wp\/v2\/media\/432210"}],"wp:attachment":[{"href":"https:\/\/lucacastelli.com\/de\/wp-json\/wp\/v2\/media?parent=502388"}],"wp:term":[{"taxonomy":"product_brand","embeddable":true,"href":"https:\/\/lucacastelli.com\/de\/wp-json\/wp\/v2\/product_brand?post=502388"},{"taxonomy":"product_cat","embeddable":true,"href":"https:\/\/lucacastelli.com\/de\/wp-json\/wp\/v2\/product_cat?post=502388"},{"taxonomy":"product_tag","embeddable":true,"href":"https:\/\/lucacastelli.com\/de\/wp-json\/wp\/v2\/product_tag?post=502388"}],"curies":[{"name":"wp","href":"https:\/\/api.w.org\/{rel}","templated":true}]}}