{"id":502349,"date":"2025-07-09T09:06:13","date_gmt":"2025-07-09T07:06:13","guid":{"rendered":"https:\/\/lucacastelli.com\/prodotto\/milwaukee-gerader-saegeblatt-28\/"},"modified":"2025-07-09T09:06:13","modified_gmt":"2025-07-09T07:06:13","slug":"milwaukee-gerader-saegeblatt-28","status":"publish","type":"product","link":"https:\/\/lucacastelli.com\/de\/produkt\/milwaukee-gerader-saegeblatt-28\/","title":{"rendered":"MILWAUKEE Gerader S\u00e4geblatt"},"content":{"rendered":"<p>Robustes und pr\u00e4zises Geh\u00e4use mit einer Dicke von 1,57 mm. Gew\u00e4hrleistet pr\u00e4zise 90\u00b0-Schnitte; Bimetall-Konstruktion: Hervorragende Klingenleistung und Haltbarkeit; Zusammensetzung der Z\u00e4hne: Aggressives und verst\u00e4rktes Zahndesign; Klingenform: Abgewinkelt &#8211; Die abgewinkelte Form macht diese Klinge ideal f\u00fcr Tauchschnitte. Geeignet f\u00fcr Metallschneid- und Abbruchanwendungen (Holz mit N\u00e4geln) <\/p>\n","protected":false},"excerpt":{"rendered":"<p>Robustes und pr\u00e4zises Geh\u00e4use mit einer Dicke von 1,57 mm. Gew\u00e4hrleistet pr\u00e4zise 90\u00b0-Schnitte; Bimetall-Konstruktion: Hervorragende Klingenleistung und Haltbarkeit; Zusammensetzung der<\/p>\n","protected":false},"featured_media":432282,"template":"","meta":{"_seopress_robots_primary_cat":"","_seopress_titles_title":"","_seopress_titles_desc":"","_seopress_robots_index":""},"product_brand":[3407],"product_cat":[29,558],"product_tag":[3270],"class_list":{"0":"post-502349","1":"product","2":"type-product","3":"status-publish","4":"has-post-thumbnail","6":"product_brand-milwaukee","7":"product_cat-macchinari","8":"product_cat-seghe-accessori-vari","9":"product_tag-import-milwau","10":"sws-gruppo-macchinari-de","11":"sws-conto-ricavi-merci-rivendita-macchinari-de","12":"sws-gruppo-iva-iva81-de","14":"first","15":"instock","16":"sale","17":"shipping-taxable","18":"purchasable","19":"product-type-simple"},"_links":{"self":[{"href":"https:\/\/lucacastelli.com\/de\/wp-json\/wp\/v2\/product\/502349","targetHints":{"allow":["GET"]}}],"collection":[{"href":"https:\/\/lucacastelli.com\/de\/wp-json\/wp\/v2\/product"}],"about":[{"href":"https:\/\/lucacastelli.com\/de\/wp-json\/wp\/v2\/types\/product"}],"wp:featuredmedia":[{"embeddable":true,"href":"https:\/\/lucacastelli.com\/de\/wp-json\/wp\/v2\/media\/432282"}],"wp:attachment":[{"href":"https:\/\/lucacastelli.com\/de\/wp-json\/wp\/v2\/media?parent=502349"}],"wp:term":[{"taxonomy":"product_brand","embeddable":true,"href":"https:\/\/lucacastelli.com\/de\/wp-json\/wp\/v2\/product_brand?post=502349"},{"taxonomy":"product_cat","embeddable":true,"href":"https:\/\/lucacastelli.com\/de\/wp-json\/wp\/v2\/product_cat?post=502349"},{"taxonomy":"product_tag","embeddable":true,"href":"https:\/\/lucacastelli.com\/de\/wp-json\/wp\/v2\/product_tag?post=502349"}],"curies":[{"name":"wp","href":"https:\/\/api.w.org\/{rel}","templated":true}]}}