{"id":502337,"date":"2025-07-12T17:50:44","date_gmt":"2025-07-12T15:50:44","guid":{"rendered":"https:\/\/lucacastelli.com\/prodotto\/milwaukee-rohrschneider-4\/"},"modified":"2025-07-12T17:50:44","modified_gmt":"2025-07-12T15:50:44","slug":"milwaukee-rohrschneider-4","status":"publish","type":"product","link":"https:\/\/lucacastelli.com\/de\/produkt\/milwaukee-rohrschneider-4\/","title":{"rendered":"MILWAUKEE Rohrschneider"},"content":{"rendered":"<p>Kupferrohrschneider sind so konzipiert, dass sie einfachere und sauberere Schnitte machen. Das 4-Rad-Design bietet pr\u00e4zise Schnitte und verhindert ein Verrutschen des zu schneidenden Rohres; Verchromte Rollen bieten eine erh\u00f6hte Best\u00e4ndigkeit gegen Rost und Korrosion; Schnellverstellmechanismus; Die Klinge erm\u00f6glicht ein schnelles und einfaches Entgraten; Integrierte Ersatzklinge<\/p>\n","protected":false},"excerpt":{"rendered":"<p>Kupferrohrschneider sind so konzipiert, dass sie einfachere und sauberere Schnitte machen. Das 4-Rad-Design bietet pr\u00e4zise Schnitte und verhindert ein Verrutschen<\/p>\n","protected":false},"featured_media":483935,"template":"","meta":{"_seopress_robots_primary_cat":"","_seopress_titles_title":"","_seopress_titles_desc":"","_seopress_robots_index":""},"product_brand":[3656],"product_cat":[169,1535],"product_tag":[6837],"class_list":{"0":"post-502337","1":"product","2":"type-product","3":"status-publish","4":"has-post-thumbnail","6":"product_brand-milwaukee-de","7":"product_cat-maschinen","8":"product_cat-sagen","9":"product_tag-imp-26-mw_update","10":"sws-gruppo-macchinari-de","11":"sws-conto-ricavi-merci-rivendita-macchinari-de","12":"sws-gruppo-iva-iva81-de","14":"first","15":"instock","16":"sale","17":"shipping-taxable","18":"purchasable","19":"product-type-simple"},"_links":{"self":[{"href":"https:\/\/lucacastelli.com\/de\/wp-json\/wp\/v2\/product\/502337","targetHints":{"allow":["GET"]}}],"collection":[{"href":"https:\/\/lucacastelli.com\/de\/wp-json\/wp\/v2\/product"}],"about":[{"href":"https:\/\/lucacastelli.com\/de\/wp-json\/wp\/v2\/types\/product"}],"wp:featuredmedia":[{"embeddable":true,"href":"https:\/\/lucacastelli.com\/de\/wp-json\/wp\/v2\/media\/483935"}],"wp:attachment":[{"href":"https:\/\/lucacastelli.com\/de\/wp-json\/wp\/v2\/media?parent=502337"}],"wp:term":[{"taxonomy":"product_brand","embeddable":true,"href":"https:\/\/lucacastelli.com\/de\/wp-json\/wp\/v2\/product_brand?post=502337"},{"taxonomy":"product_cat","embeddable":true,"href":"https:\/\/lucacastelli.com\/de\/wp-json\/wp\/v2\/product_cat?post=502337"},{"taxonomy":"product_tag","embeddable":true,"href":"https:\/\/lucacastelli.com\/de\/wp-json\/wp\/v2\/product_tag?post=502337"}],"curies":[{"name":"wp","href":"https:\/\/api.w.org\/{rel}","templated":true}]}}