{"id":502335,"date":"2025-07-12T17:50:42","date_gmt":"2025-07-12T15:50:42","guid":{"rendered":"https:\/\/lucacastelli.com\/prodotto\/milwaukee-rohrschneider-3\/"},"modified":"2025-07-12T17:50:42","modified_gmt":"2025-07-12T15:50:42","slug":"milwaukee-rohrschneider-3","status":"publish","type":"product","link":"https:\/\/lucacastelli.com\/de\/produkt\/milwaukee-rohrschneider-3\/","title":{"rendered":"MILWAUKEE Rohrschneider"},"content":{"rendered":"<p>Mechanismus und Klingen sind auf lange Lebensdauer ausgelegt; Verchromte Rollen garantieren eine l\u00e4ngere Lebensdauer und eine bessere Leistung auch nach vielen Eins\u00e4tzen; Der Knopf mit bequemem Griff erm\u00f6glicht eine schnellere Einstellung und eine einfachere Bedienung. Kompakte Bauweise, ideal zum Schneiden von Rohren auch auf engstem Raum<\/p>\n","protected":false},"excerpt":{"rendered":"<p>Mechanismus und Klingen sind auf lange Lebensdauer ausgelegt; Verchromte Rollen garantieren eine l\u00e4ngere Lebensdauer und eine bessere Leistung auch nach<\/p>\n","protected":false},"featured_media":483893,"template":"","meta":{"_seopress_robots_primary_cat":"","_seopress_titles_title":"","_seopress_titles_desc":"","_seopress_robots_index":""},"product_brand":[3656],"product_cat":[169,1535],"product_tag":[6837],"class_list":{"0":"post-502335","1":"product","2":"type-product","3":"status-publish","4":"has-post-thumbnail","6":"product_brand-milwaukee-de","7":"product_cat-maschinen","8":"product_cat-sagen","9":"product_tag-imp-26-mw_update","10":"sws-gruppo-macchinari-de","11":"sws-conto-ricavi-merci-rivendita-macchinari-de","12":"sws-gruppo-iva-iva81-de","14":"first","15":"instock","16":"sale","17":"shipping-taxable","18":"purchasable","19":"product-type-simple"},"_links":{"self":[{"href":"https:\/\/lucacastelli.com\/de\/wp-json\/wp\/v2\/product\/502335","targetHints":{"allow":["GET"]}}],"collection":[{"href":"https:\/\/lucacastelli.com\/de\/wp-json\/wp\/v2\/product"}],"about":[{"href":"https:\/\/lucacastelli.com\/de\/wp-json\/wp\/v2\/types\/product"}],"wp:featuredmedia":[{"embeddable":true,"href":"https:\/\/lucacastelli.com\/de\/wp-json\/wp\/v2\/media\/483893"}],"wp:attachment":[{"href":"https:\/\/lucacastelli.com\/de\/wp-json\/wp\/v2\/media?parent=502335"}],"wp:term":[{"taxonomy":"product_brand","embeddable":true,"href":"https:\/\/lucacastelli.com\/de\/wp-json\/wp\/v2\/product_brand?post=502335"},{"taxonomy":"product_cat","embeddable":true,"href":"https:\/\/lucacastelli.com\/de\/wp-json\/wp\/v2\/product_cat?post=502335"},{"taxonomy":"product_tag","embeddable":true,"href":"https:\/\/lucacastelli.com\/de\/wp-json\/wp\/v2\/product_tag?post=502335"}],"curies":[{"name":"wp","href":"https:\/\/api.w.org\/{rel}","templated":true}]}}