{"id":502333,"date":"2025-07-12T17:50:40","date_gmt":"2025-07-12T15:50:40","guid":{"rendered":"https:\/\/lucacastelli.com\/prodotto\/milwaukee-schraegendhebel-set\/"},"modified":"2025-07-12T17:50:40","modified_gmt":"2025-07-12T15:50:40","slug":"milwaukee-schraegendhebel-set","status":"publish","type":"product","link":"https:\/\/lucacastelli.com\/de\/produkt\/milwaukee-schraegendhebel-set\/","title":{"rendered":"MILWAUKEE Schr\u00e4gendhebel-Set"},"content":{"rendered":"<p>Der Metallkern garantiert eine bis zu 40 % l\u00e4ngere Haltbarkeit; Stahlkonstruktion f\u00fcr maximale Festigkeit; Maximale Hebelwirkung auch bei Arbeiten in engen und schwierigen R\u00e4umen; Dreiseitiger Griff f\u00fcr maximalen Halt; Verchromung f\u00fcr l\u00e4ngere Lebensdauer; Das Design mit flachem Ende reduziert Besch\u00e4digungen beim Herausziehen von N\u00e4geln.<\/p>\n","protected":false},"excerpt":{"rendered":"<p>Der Metallkern garantiert eine bis zu 40 % l\u00e4ngere Haltbarkeit; Stahlkonstruktion f\u00fcr maximale Festigkeit; Maximale Hebelwirkung auch bei Arbeiten in<\/p>\n","protected":false},"featured_media":483820,"template":"","meta":{"_seopress_robots_primary_cat":"","_seopress_titles_title":"","_seopress_titles_desc":"","_seopress_robots_index":""},"product_brand":[3407],"product_cat":[29,558],"product_tag":[3270],"class_list":{"0":"post-502333","1":"product","2":"type-product","3":"status-publish","4":"has-post-thumbnail","6":"product_brand-milwaukee","7":"product_cat-macchinari","8":"product_cat-seghe-accessori-vari","9":"product_tag-import-milwau","10":"sws-gruppo-macchinari-de","11":"sws-conto-ricavi-merci-rivendita-macchinari-de","12":"sws-gruppo-iva-iva81-de","14":"first","15":"instock","16":"sale","17":"shipping-taxable","18":"purchasable","19":"product-type-simple"},"_links":{"self":[{"href":"https:\/\/lucacastelli.com\/de\/wp-json\/wp\/v2\/product\/502333","targetHints":{"allow":["GET"]}}],"collection":[{"href":"https:\/\/lucacastelli.com\/de\/wp-json\/wp\/v2\/product"}],"about":[{"href":"https:\/\/lucacastelli.com\/de\/wp-json\/wp\/v2\/types\/product"}],"wp:featuredmedia":[{"embeddable":true,"href":"https:\/\/lucacastelli.com\/de\/wp-json\/wp\/v2\/media\/483820"}],"wp:attachment":[{"href":"https:\/\/lucacastelli.com\/de\/wp-json\/wp\/v2\/media?parent=502333"}],"wp:term":[{"taxonomy":"product_brand","embeddable":true,"href":"https:\/\/lucacastelli.com\/de\/wp-json\/wp\/v2\/product_brand?post=502333"},{"taxonomy":"product_cat","embeddable":true,"href":"https:\/\/lucacastelli.com\/de\/wp-json\/wp\/v2\/product_cat?post=502333"},{"taxonomy":"product_tag","embeddable":true,"href":"https:\/\/lucacastelli.com\/de\/wp-json\/wp\/v2\/product_tag?post=502333"}],"curies":[{"name":"wp","href":"https:\/\/api.w.org\/{rel}","templated":true}]}}