{"id":502330,"date":"2025-07-12T17:50:41","date_gmt":"2025-07-12T15:50:41","guid":{"rendered":"https:\/\/lucacastelli.com\/prodotto\/milwaukee-haken-set\/"},"modified":"2025-07-12T17:50:41","modified_gmt":"2025-07-12T15:50:41","slug":"milwaukee-haken-set","status":"publish","type":"product","link":"https:\/\/lucacastelli.com\/de\/produkt\/milwaukee-haken-set\/","title":{"rendered":"MILWAUKEE Haken Set"},"content":{"rendered":"<p>Hergestellt aus strapazierf\u00e4higem Metall und verchromt f\u00fcr zus\u00e4tzlichen Rostschutz; Das verchromte Metallteil reduziert die Korrosion und bietet einen besseren Schutz vor Rost; Der gummierte Griff erh\u00f6ht die Kontrolle und den Komfort w\u00e4hrend der Anwendung; Lieferung in einem leicht zu \u00f6ffnenden Geh\u00e4use<\/p>\n","protected":false},"excerpt":{"rendered":"<p>Hergestellt aus strapazierf\u00e4higem Metall und verchromt f\u00fcr zus\u00e4tzlichen Rostschutz; Das verchromte Metallteil reduziert die Korrosion und bietet einen besseren Schutz<\/p>\n","protected":false},"featured_media":483869,"template":"","meta":{"_seopress_robots_primary_cat":"","_seopress_titles_title":"","_seopress_titles_desc":"","_seopress_robots_index":""},"product_brand":[3407],"product_cat":[29,558],"product_tag":[3270],"class_list":{"0":"post-502330","1":"product","2":"type-product","3":"status-publish","4":"has-post-thumbnail","6":"product_brand-milwaukee","7":"product_cat-macchinari","8":"product_cat-seghe-accessori-vari","9":"product_tag-import-milwau","10":"sws-gruppo-macchinari-de","11":"sws-conto-ricavi-merci-rivendita-macchinari-de","12":"sws-gruppo-iva-iva81-de","14":"first","15":"instock","16":"sale","17":"shipping-taxable","18":"purchasable","19":"product-type-simple"},"_links":{"self":[{"href":"https:\/\/lucacastelli.com\/de\/wp-json\/wp\/v2\/product\/502330","targetHints":{"allow":["GET"]}}],"collection":[{"href":"https:\/\/lucacastelli.com\/de\/wp-json\/wp\/v2\/product"}],"about":[{"href":"https:\/\/lucacastelli.com\/de\/wp-json\/wp\/v2\/types\/product"}],"wp:featuredmedia":[{"embeddable":true,"href":"https:\/\/lucacastelli.com\/de\/wp-json\/wp\/v2\/media\/483869"}],"wp:attachment":[{"href":"https:\/\/lucacastelli.com\/de\/wp-json\/wp\/v2\/media?parent=502330"}],"wp:term":[{"taxonomy":"product_brand","embeddable":true,"href":"https:\/\/lucacastelli.com\/de\/wp-json\/wp\/v2\/product_brand?post=502330"},{"taxonomy":"product_cat","embeddable":true,"href":"https:\/\/lucacastelli.com\/de\/wp-json\/wp\/v2\/product_cat?post=502330"},{"taxonomy":"product_tag","embeddable":true,"href":"https:\/\/lucacastelli.com\/de\/wp-json\/wp\/v2\/product_tag?post=502330"}],"curies":[{"name":"wp","href":"https:\/\/api.w.org\/{rel}","templated":true}]}}