{"id":502327,"date":"2025-07-12T17:50:39","date_gmt":"2025-07-12T15:50:39","guid":{"rendered":"https:\/\/lucacastelli.com\/prodotto\/milwaukee-ratsche-2\/"},"modified":"2025-07-12T17:50:39","modified_gmt":"2025-07-12T15:50:39","slug":"milwaukee-ratsche-2","status":"publish","type":"product","link":"https:\/\/lucacastelli.com\/de\/produkt\/milwaukee-ratsche-2\/","title":{"rendered":"MILWAUKEE Ratsche"},"content":{"rendered":"<p>Knarre mit 90 Z\u00e4hnen und 4 Grad Lichtbogenr\u00fcckstellung f\u00fcr maximale Zug\u00e4nglichkeit auf engstem Raum; Schlanker Kopf mit b\u00fcndigem Hebel sorgt f\u00fcr bessere Zug\u00e4nglichkeit auf engstem Raum<\/p>\n","protected":false},"excerpt":{"rendered":"<p>Knarre mit 90 Z\u00e4hnen und 4 Grad Lichtbogenr\u00fcckstellung f\u00fcr maximale Zug\u00e4nglichkeit auf engstem Raum; Schlanker Kopf mit b\u00fcndigem Hebel sorgt<\/p>\n","protected":false},"featured_media":483815,"template":"","meta":{"_seopress_robots_primary_cat":"","_seopress_titles_title":"","_seopress_titles_desc":"","_seopress_robots_index":""},"product_brand":[3407],"product_cat":[29,558],"product_tag":[3270],"class_list":{"0":"post-502327","1":"product","2":"type-product","3":"status-publish","4":"has-post-thumbnail","6":"product_brand-milwaukee","7":"product_cat-macchinari","8":"product_cat-seghe-accessori-vari","9":"product_tag-import-milwau","10":"sws-gruppo-macchinari-de","11":"sws-conto-ricavi-merci-rivendita-macchinari-de","12":"sws-gruppo-iva-iva81-de","14":"first","15":"instock","16":"sale","17":"shipping-taxable","18":"purchasable","19":"product-type-simple"},"_links":{"self":[{"href":"https:\/\/lucacastelli.com\/de\/wp-json\/wp\/v2\/product\/502327","targetHints":{"allow":["GET"]}}],"collection":[{"href":"https:\/\/lucacastelli.com\/de\/wp-json\/wp\/v2\/product"}],"about":[{"href":"https:\/\/lucacastelli.com\/de\/wp-json\/wp\/v2\/types\/product"}],"wp:featuredmedia":[{"embeddable":true,"href":"https:\/\/lucacastelli.com\/de\/wp-json\/wp\/v2\/media\/483815"}],"wp:attachment":[{"href":"https:\/\/lucacastelli.com\/de\/wp-json\/wp\/v2\/media?parent=502327"}],"wp:term":[{"taxonomy":"product_brand","embeddable":true,"href":"https:\/\/lucacastelli.com\/de\/wp-json\/wp\/v2\/product_brand?post=502327"},{"taxonomy":"product_cat","embeddable":true,"href":"https:\/\/lucacastelli.com\/de\/wp-json\/wp\/v2\/product_cat?post=502327"},{"taxonomy":"product_tag","embeddable":true,"href":"https:\/\/lucacastelli.com\/de\/wp-json\/wp\/v2\/product_tag?post=502327"}],"curies":[{"name":"wp","href":"https:\/\/api.w.org\/{rel}","templated":true}]}}