{"id":502312,"date":"2025-07-09T09:06:02","date_gmt":"2025-07-09T07:06:02","guid":{"rendered":"https:\/\/lucacastelli.com\/prodotto\/milwaukee-gerader-saegeblatt-22\/"},"modified":"2025-07-09T09:06:02","modified_gmt":"2025-07-09T07:06:02","slug":"milwaukee-gerader-saegeblatt-22","status":"publish","type":"product","link":"https:\/\/lucacastelli.com\/de\/produkt\/milwaukee-gerader-saegeblatt-22\/","title":{"rendered":"MILWAUKEE Gerader S\u00e4geblatt"},"content":{"rendered":"<p>Das TORCH\u2122 NITRUS CARBIDE S\u00e4geblatt\u2122 ist die n\u00e4chste Generation der Hartmetalltechnologie; Die spezielle NITRUS-Hartmetallmischung wurde speziell entwickelt, um 3-mal so viel zu schneiden wie Standard-Hartmetallklingen. Die TORCH\u2122 NITRUS CARBIDE-Klinge\u2122 wurde speziell entwickelt, um einen schnellen Start, pr\u00e4zise Schnitte und eine einfache Fragmentextraktion zu gew\u00e4hrleisten, und ist so konstruiert, dass sie lange h\u00e4lt und Gusseisen, Rohre und andere dicke Metalle mit hoher Geschwindigkeit durchtrennt. 1,27 mm Dicke f\u00fcr pr\u00e4zise und gerade Schnitte; Klingenh\u00f6he von 25 mm f\u00fcr mehr Stabilit\u00e4t und reduzierte Vibrationen; Beste Leistung in allen dickeren Metallen<\/p>\n","protected":false},"excerpt":{"rendered":"<p>Das TORCH\u2122 NITRUS CARBIDE S\u00e4geblatt\u2122 ist die n\u00e4chste Generation der Hartmetalltechnologie; Die spezielle NITRUS-Hartmetallmischung wurde speziell entwickelt, um 3-mal so<\/p>\n","protected":false},"featured_media":432334,"template":"","meta":{"_seopress_robots_primary_cat":"","_seopress_titles_title":"","_seopress_titles_desc":"","_seopress_robots_index":""},"product_brand":[3407],"product_cat":[29,558],"product_tag":[3270],"class_list":{"0":"post-502312","1":"product","2":"type-product","3":"status-publish","4":"has-post-thumbnail","6":"product_brand-milwaukee","7":"product_cat-macchinari","8":"product_cat-seghe-accessori-vari","9":"product_tag-import-milwau","10":"sws-gruppo-macchinari-de","11":"sws-conto-ricavi-merci-rivendita-macchinari-de","12":"sws-gruppo-iva-iva81-de","14":"first","15":"instock","16":"sale","17":"shipping-taxable","18":"purchasable","19":"product-type-simple"},"_links":{"self":[{"href":"https:\/\/lucacastelli.com\/de\/wp-json\/wp\/v2\/product\/502312","targetHints":{"allow":["GET"]}}],"collection":[{"href":"https:\/\/lucacastelli.com\/de\/wp-json\/wp\/v2\/product"}],"about":[{"href":"https:\/\/lucacastelli.com\/de\/wp-json\/wp\/v2\/types\/product"}],"wp:featuredmedia":[{"embeddable":true,"href":"https:\/\/lucacastelli.com\/de\/wp-json\/wp\/v2\/media\/432334"}],"wp:attachment":[{"href":"https:\/\/lucacastelli.com\/de\/wp-json\/wp\/v2\/media?parent=502312"}],"wp:term":[{"taxonomy":"product_brand","embeddable":true,"href":"https:\/\/lucacastelli.com\/de\/wp-json\/wp\/v2\/product_brand?post=502312"},{"taxonomy":"product_cat","embeddable":true,"href":"https:\/\/lucacastelli.com\/de\/wp-json\/wp\/v2\/product_cat?post=502312"},{"taxonomy":"product_tag","embeddable":true,"href":"https:\/\/lucacastelli.com\/de\/wp-json\/wp\/v2\/product_tag?post=502312"}],"curies":[{"name":"wp","href":"https:\/\/api.w.org\/{rel}","templated":true}]}}