{"id":502275,"date":"2025-07-09T09:05:36","date_gmt":"2025-07-09T07:05:36","guid":{"rendered":"https:\/\/lucacastelli.com\/prodotto\/milwaukee-gerader-saegeblatt-10\/"},"modified":"2026-04-16T02:34:49","modified_gmt":"2026-04-16T00:34:49","slug":"milwaukee-gerader-saegeblatt-10","status":"publish","type":"product","link":"https:\/\/lucacastelli.com\/de\/produkt\/milwaukee-gerader-saegeblatt-10\/","title":{"rendered":"MILWAUKEE S\u00e4bels\u00e4geblatt"},"content":{"rendered":"<p>S\u00e4bels\u00e4geblatt THE TORCH L\u00e4nge mm\/Zahnteilung 230\/2,5 25<br \/>\nGeeignet f\u00fcr: Gusseisen, Metallrohre, NE-Metalle, Stahl, Edelstahl, Renovierungsarbeiten; Robuster K\u00f6rper und 1,06 mm Blattst\u00e4rke f\u00fcr pr\u00e4zise Schnitte; Bimetall-Zahnkonstruktion mit 8 % Kobalt verbessert Leistung und Lebensdauer zus\u00e4tzlich; Torch: dickes Blatt (1,06 mm) f\u00fcr pr\u00e4zise Schnitte in Metallblechen und Rohren; Blatth\u00f6he von 25 mm f\u00fcr maximale Stabilit\u00e4t und reduzierte Vibrationen <\/p>\n<p>Abbruch-S\u00e4gebl\u00e4tter THE TORCH\u2122: Metall<br \/>\n045242082384<\/p>\n","protected":false},"excerpt":{"rendered":"<p>S\u00e4bels\u00e4geblatt THE TORCH L\u00e4nge mm\/Zahnteilung 230\/2,5 25 Geeignet f\u00fcr: Gusseisen, Metallrohre, NE-Metalle, Stahl, Edelstahl, Renovierungsarbeiten; Robuster K\u00f6rper und 1,06 mm<\/p>\n","protected":false},"featured_media":432472,"template":"","meta":{"_seopress_robots_primary_cat":"","_seopress_titles_title":"","_seopress_titles_desc":"","_seopress_robots_index":""},"product_brand":[3656],"product_cat":[169,1535],"product_tag":[6837],"class_list":{"0":"post-502275","1":"product","2":"type-product","3":"status-publish","4":"has-post-thumbnail","6":"product_brand-milwaukee-de","7":"product_cat-maschinen","8":"product_cat-sagen","9":"product_tag-imp-26-mw_update","10":"sws-gruppo-macchinari-de","11":"sws-conto-ricavi-merci-rivendita-macchinari-de","12":"sws-gruppo-iva-iva81-de","14":"first","15":"instock","16":"sale","17":"shipping-taxable","18":"purchasable","19":"product-type-simple"},"_links":{"self":[{"href":"https:\/\/lucacastelli.com\/de\/wp-json\/wp\/v2\/product\/502275","targetHints":{"allow":["GET"]}}],"collection":[{"href":"https:\/\/lucacastelli.com\/de\/wp-json\/wp\/v2\/product"}],"about":[{"href":"https:\/\/lucacastelli.com\/de\/wp-json\/wp\/v2\/types\/product"}],"wp:featuredmedia":[{"embeddable":true,"href":"https:\/\/lucacastelli.com\/de\/wp-json\/wp\/v2\/media\/432472"}],"wp:attachment":[{"href":"https:\/\/lucacastelli.com\/de\/wp-json\/wp\/v2\/media?parent=502275"}],"wp:term":[{"taxonomy":"product_brand","embeddable":true,"href":"https:\/\/lucacastelli.com\/de\/wp-json\/wp\/v2\/product_brand?post=502275"},{"taxonomy":"product_cat","embeddable":true,"href":"https:\/\/lucacastelli.com\/de\/wp-json\/wp\/v2\/product_cat?post=502275"},{"taxonomy":"product_tag","embeddable":true,"href":"https:\/\/lucacastelli.com\/de\/wp-json\/wp\/v2\/product_tag?post=502275"}],"curies":[{"name":"wp","href":"https:\/\/api.w.org\/{rel}","templated":true}]}}