{"id":502274,"date":"2025-07-09T09:05:34","date_gmt":"2025-07-09T07:05:34","guid":{"rendered":"https:\/\/lucacastelli.com\/prodotto\/milwaukee-gerader-saegeblatt-9\/"},"modified":"2026-04-16T02:12:30","modified_gmt":"2026-04-16T00:12:30","slug":"milwaukee-gerader-saegeblatt-9","status":"publish","type":"product","link":"https:\/\/lucacastelli.com\/de\/produkt\/milwaukee-gerader-saegeblatt-9\/","title":{"rendered":"MILWAUKEE S\u00e4bels\u00e4geblatt"},"content":{"rendered":"<p>S\u00c4GEBLATT SD TORCH 150\/1,4 25 Stk.<br \/>\nGeeignet f\u00fcr: Metallrohre, Nichteisenmetalle, Stahl, Edelstahl, Renovierungsarbeiten; Robuster K\u00f6rper und Blattst\u00e4rke von 1,06 mm f\u00fcr pr\u00e4zise Schnitte; Bi-Metall-Konstruktion der Z\u00e4hne mit 8% Kobalt verbessert die Leistung und Lebensdauer zus\u00e4tzlich; Torch: dickes Blatt (1,06 mm) f\u00fcr pr\u00e4zise Schnitte in Metallblechen und Rohren; Blatth\u00f6he von 25 mm f\u00fcr maximale Stabilit\u00e4t und Reduzierung von Vibrationen<\/p>\n<p>Abbruchs\u00e4gebl\u00e4tter THE TORCH\u2122: Metall<br \/>\n045242082407<\/p>\n","protected":false},"excerpt":{"rendered":"<p>S\u00c4GEBLATT SD TORCH 150\/1,4 25 Stk. Geeignet f\u00fcr: Metallrohre, Nichteisenmetalle, Stahl, Edelstahl, Renovierungsarbeiten; Robuster K\u00f6rper und Blattst\u00e4rke von 1,06 mm<\/p>\n","protected":false},"featured_media":432490,"template":"","meta":{"_seopress_robots_primary_cat":"","_seopress_titles_title":"","_seopress_titles_desc":"","_seopress_robots_index":""},"product_brand":[3407],"product_cat":[29,558],"product_tag":[6834],"class_list":{"0":"post-502274","1":"product","2":"type-product","3":"status-publish","4":"has-post-thumbnail","6":"product_brand-milwaukee","7":"product_cat-macchinari","8":"product_cat-seghe-accessori-vari","9":"product_tag-imp-26-mw_update","10":"sws-gruppo-macchinari-de","11":"sws-conto-ricavi-merci-rivendita-macchinari-de","12":"sws-gruppo-iva-iva81-de","14":"first","15":"instock","16":"sale","17":"shipping-taxable","18":"purchasable","19":"product-type-simple"},"_links":{"self":[{"href":"https:\/\/lucacastelli.com\/de\/wp-json\/wp\/v2\/product\/502274","targetHints":{"allow":["GET"]}}],"collection":[{"href":"https:\/\/lucacastelli.com\/de\/wp-json\/wp\/v2\/product"}],"about":[{"href":"https:\/\/lucacastelli.com\/de\/wp-json\/wp\/v2\/types\/product"}],"wp:featuredmedia":[{"embeddable":true,"href":"https:\/\/lucacastelli.com\/de\/wp-json\/wp\/v2\/media\/432490"}],"wp:attachment":[{"href":"https:\/\/lucacastelli.com\/de\/wp-json\/wp\/v2\/media?parent=502274"}],"wp:term":[{"taxonomy":"product_brand","embeddable":true,"href":"https:\/\/lucacastelli.com\/de\/wp-json\/wp\/v2\/product_brand?post=502274"},{"taxonomy":"product_cat","embeddable":true,"href":"https:\/\/lucacastelli.com\/de\/wp-json\/wp\/v2\/product_cat?post=502274"},{"taxonomy":"product_tag","embeddable":true,"href":"https:\/\/lucacastelli.com\/de\/wp-json\/wp\/v2\/product_tag?post=502274"}],"curies":[{"name":"wp","href":"https:\/\/api.w.org\/{rel}","templated":true}]}}