{"id":502268,"date":"2025-07-09T09:05:33","date_gmt":"2025-07-09T07:05:33","guid":{"rendered":"https:\/\/lucacastelli.com\/prodotto\/milwaukee-gerader-saegeblatt-7\/"},"modified":"2025-07-09T09:05:33","modified_gmt":"2025-07-09T07:05:33","slug":"milwaukee-gerader-saegeblatt-7","status":"publish","type":"product","link":"https:\/\/lucacastelli.com\/de\/produkt\/milwaukee-gerader-saegeblatt-7\/","title":{"rendered":"MILWAUKEE Gerader S\u00e4geblatt"},"content":{"rendered":"<p>Robuster K\u00f6rper und 1,06 mm Klingenst\u00e4rke f\u00fcr pr\u00e4zise Schnitte; Die Bimetallkonstruktion der Z\u00e4hne mit 8% Kobalt verbessert die Leistung und Lebensdauer zus\u00e4tzlich; Brenner: Dicke Klinge (1,06 mm) f\u00fcr pr\u00e4zise Schnitte in Blechen und Rohren; 25 mm Klingenh\u00f6he f\u00fcr maximale Stabilit\u00e4t und reduzierte Vibrationen<\/p>\n","protected":false},"excerpt":{"rendered":"<p>Robuster K\u00f6rper und 1,06 mm Klingenst\u00e4rke f\u00fcr pr\u00e4zise Schnitte; Die Bimetallkonstruktion der Z\u00e4hne mit 8% Kobalt verbessert die Leistung und<\/p>\n","protected":false},"featured_media":432499,"template":"","meta":{"_seopress_robots_primary_cat":"","_seopress_titles_title":"","_seopress_titles_desc":"","_seopress_robots_index":""},"product_brand":[3407],"product_cat":[29,558],"product_tag":[6834],"class_list":{"0":"post-502268","1":"product","2":"type-product","3":"status-publish","4":"has-post-thumbnail","6":"product_brand-milwaukee","7":"product_cat-macchinari","8":"product_cat-seghe-accessori-vari","9":"product_tag-imp-26-mw_update","10":"sws-gruppo-macchinari-de","11":"sws-conto-ricavi-merci-rivendita-macchinari-de","12":"sws-gruppo-iva-iva81-de","14":"first","15":"instock","16":"sale","17":"shipping-taxable","18":"purchasable","19":"product-type-simple"},"_links":{"self":[{"href":"https:\/\/lucacastelli.com\/de\/wp-json\/wp\/v2\/product\/502268","targetHints":{"allow":["GET"]}}],"collection":[{"href":"https:\/\/lucacastelli.com\/de\/wp-json\/wp\/v2\/product"}],"about":[{"href":"https:\/\/lucacastelli.com\/de\/wp-json\/wp\/v2\/types\/product"}],"wp:featuredmedia":[{"embeddable":true,"href":"https:\/\/lucacastelli.com\/de\/wp-json\/wp\/v2\/media\/432499"}],"wp:attachment":[{"href":"https:\/\/lucacastelli.com\/de\/wp-json\/wp\/v2\/media?parent=502268"}],"wp:term":[{"taxonomy":"product_brand","embeddable":true,"href":"https:\/\/lucacastelli.com\/de\/wp-json\/wp\/v2\/product_brand?post=502268"},{"taxonomy":"product_cat","embeddable":true,"href":"https:\/\/lucacastelli.com\/de\/wp-json\/wp\/v2\/product_cat?post=502268"},{"taxonomy":"product_tag","embeddable":true,"href":"https:\/\/lucacastelli.com\/de\/wp-json\/wp\/v2\/product_tag?post=502268"}],"curies":[{"name":"wp","href":"https:\/\/api.w.org\/{rel}","templated":true}]}}