{"id":502256,"date":"2025-07-09T09:05:28","date_gmt":"2025-07-09T07:05:28","guid":{"rendered":"https:\/\/lucacastelli.com\/prodotto\/milwaukee-gerader-saegeblatt-4\/"},"modified":"2026-04-16T02:26:22","modified_gmt":"2026-04-16T00:26:22","slug":"milwaukee-gerader-saegeblatt-4","status":"publish","type":"product","link":"https:\/\/lucacastelli.com\/de\/produkt\/milwaukee-gerader-saegeblatt-4\/","title":{"rendered":"MILWAUKEE S\u00e4bels\u00e4geblatt"},"content":{"rendered":"<p>S\u00c4GEBLATT F\u00dcR HOLZ L\u00e4nge mm\/Zahnteilung 150\/5 50 Stk.<br \/>\nGeeignet f\u00fcr: Holz mit N\u00e4geln, Kunststoffrohre, Holz, Renovierungsarbeiten, Fenster\u00f6ffnungen, Tauchschnitte; FANG TIP: f\u00fcr einfaches Eindringen in das Material in engen Bereichen; NAIL GUARD: Sch\u00fctzt die Z\u00e4hne bei der Anwendung, wenn die S\u00e4gez\u00e4hne auf eisenhaltige Elemente wie N\u00e4gel, Schrauben usw. treffen. Dies erh\u00f6ht die Haltbarkeit und Lebensdauer; H\u00e4rte: 1,25 mm Blattst\u00e4rke ideal f\u00fcr Holz mit N\u00e4geln und Schrauben; Geschwindigkeit: die spezielle Geometrie des Blattes erm\u00f6glicht einen schnellen Materialabtrag und ein schnelleres Schneiden; Abgeschr\u00e4gte Form: optimal f\u00fcr Tauchschnitte und zum Erreichen enger Bereiche; Flexibilit\u00e4t: Bimetall-Konstruktion erm\u00f6glicht dem Blatt, sich zu biegen und zu flexen, ohne zu brechen <\/p>\n<p>Abbruchs\u00e4gebl\u00e4tter: Holz mit N\u00e4geln<br \/>\n045242084791<\/p>\n","protected":false},"excerpt":{"rendered":"<p>S\u00c4GEBLATT F\u00dcR HOLZ L\u00e4nge mm\/Zahnteilung 150\/5 50 Stk. Geeignet f\u00fcr: Holz mit N\u00e4geln, Kunststoffrohre, Holz, Renovierungsarbeiten, Fenster\u00f6ffnungen, Tauchschnitte; FANG TIP:<\/p>\n","protected":false},"featured_media":431880,"template":"","meta":{"_seopress_robots_primary_cat":"","_seopress_titles_title":"","_seopress_titles_desc":"","_seopress_robots_index":""},"product_brand":[3407],"product_cat":[29,558],"product_tag":[6834],"class_list":{"0":"post-502256","1":"product","2":"type-product","3":"status-publish","4":"has-post-thumbnail","6":"product_brand-milwaukee","7":"product_cat-macchinari","8":"product_cat-seghe-accessori-vari","9":"product_tag-imp-26-mw_update","10":"sws-gruppo-macchinari-de","11":"sws-conto-ricavi-merci-rivendita-macchinari-de","12":"sws-gruppo-iva-iva81-de","14":"first","15":"instock","16":"sale","17":"shipping-taxable","18":"purchasable","19":"product-type-simple"},"_links":{"self":[{"href":"https:\/\/lucacastelli.com\/de\/wp-json\/wp\/v2\/product\/502256","targetHints":{"allow":["GET"]}}],"collection":[{"href":"https:\/\/lucacastelli.com\/de\/wp-json\/wp\/v2\/product"}],"about":[{"href":"https:\/\/lucacastelli.com\/de\/wp-json\/wp\/v2\/types\/product"}],"wp:featuredmedia":[{"embeddable":true,"href":"https:\/\/lucacastelli.com\/de\/wp-json\/wp\/v2\/media\/431880"}],"wp:attachment":[{"href":"https:\/\/lucacastelli.com\/de\/wp-json\/wp\/v2\/media?parent=502256"}],"wp:term":[{"taxonomy":"product_brand","embeddable":true,"href":"https:\/\/lucacastelli.com\/de\/wp-json\/wp\/v2\/product_brand?post=502256"},{"taxonomy":"product_cat","embeddable":true,"href":"https:\/\/lucacastelli.com\/de\/wp-json\/wp\/v2\/product_cat?post=502256"},{"taxonomy":"product_tag","embeddable":true,"href":"https:\/\/lucacastelli.com\/de\/wp-json\/wp\/v2\/product_tag?post=502256"}],"curies":[{"name":"wp","href":"https:\/\/api.w.org\/{rel}","templated":true}]}}