{"id":502231,"date":"2025-07-12T17:50:33","date_gmt":"2025-07-12T15:50:33","guid":{"rendered":"https:\/\/lucacastelli.com\/prodotto\/milwaukee-werkzeugguertel-2\/"},"modified":"2025-07-12T17:50:33","modified_gmt":"2025-07-12T15:50:33","slug":"milwaukee-werkzeugguertel-2","status":"publish","type":"product","link":"https:\/\/lucacastelli.com\/de\/produkt\/milwaukee-werkzeugguertel-2\/","title":{"rendered":"MILWAUKEE Werkzeugg\u00fcrtel"},"content":{"rendered":"<p>Robuste Konstruktion aus ballistischem Nylon 1680D; Doppelte N\u00e4hte, bis zu 4-mal st\u00e4rker als normale N\u00e4hte; Dank der vier Befestigungspunkte wird das Gewicht gleichm\u00e4\u00dfiger verteilt; Gepolsterter, atmungsaktiver Bund f\u00fcr Komfort und Leistung auf der Baustelle; Der integrierte Griff erm\u00f6glicht einen einfachen Transport; Mit Hosentr\u00e4gerbefestigungen aus Metall k\u00f6nnen Sie Hosentr\u00e4ger hinzuf\u00fcgen<\/p>\n","protected":false},"excerpt":{"rendered":"<p>Robuste Konstruktion aus ballistischem Nylon 1680D; Doppelte N\u00e4hte, bis zu 4-mal st\u00e4rker als normale N\u00e4hte; Dank der vier Befestigungspunkte wird<\/p>\n","protected":false},"featured_media":483692,"template":"","meta":{"_seopress_robots_primary_cat":"","_seopress_titles_title":"","_seopress_titles_desc":"","_seopress_robots_index":""},"product_brand":[3407],"product_cat":[29,558],"product_tag":[3270],"class_list":{"0":"post-502231","1":"product","2":"type-product","3":"status-publish","4":"has-post-thumbnail","6":"product_brand-milwaukee","7":"product_cat-macchinari","8":"product_cat-seghe-accessori-vari","9":"product_tag-import-milwau","10":"sws-gruppo-macchinari-de","11":"sws-conto-ricavi-merci-rivendita-macchinari-de","12":"sws-gruppo-iva-iva81-de","14":"first","15":"instock","16":"sale","17":"shipping-taxable","18":"purchasable","19":"product-type-simple"},"_links":{"self":[{"href":"https:\/\/lucacastelli.com\/de\/wp-json\/wp\/v2\/product\/502231","targetHints":{"allow":["GET"]}}],"collection":[{"href":"https:\/\/lucacastelli.com\/de\/wp-json\/wp\/v2\/product"}],"about":[{"href":"https:\/\/lucacastelli.com\/de\/wp-json\/wp\/v2\/types\/product"}],"wp:featuredmedia":[{"embeddable":true,"href":"https:\/\/lucacastelli.com\/de\/wp-json\/wp\/v2\/media\/483692"}],"wp:attachment":[{"href":"https:\/\/lucacastelli.com\/de\/wp-json\/wp\/v2\/media?parent=502231"}],"wp:term":[{"taxonomy":"product_brand","embeddable":true,"href":"https:\/\/lucacastelli.com\/de\/wp-json\/wp\/v2\/product_brand?post=502231"},{"taxonomy":"product_cat","embeddable":true,"href":"https:\/\/lucacastelli.com\/de\/wp-json\/wp\/v2\/product_cat?post=502231"},{"taxonomy":"product_tag","embeddable":true,"href":"https:\/\/lucacastelli.com\/de\/wp-json\/wp\/v2\/product_tag?post=502231"}],"curies":[{"name":"wp","href":"https:\/\/api.w.org\/{rel}","templated":true}]}}