{"id":502219,"date":"2025-07-12T17:50:31","date_gmt":"2025-07-12T15:50:31","guid":{"rendered":"https:\/\/lucacastelli.com\/prodotto\/milwaukee-werkzeugtasche-2\/"},"modified":"2025-07-12T17:50:31","modified_gmt":"2025-07-12T15:50:31","slug":"milwaukee-werkzeugtasche-2","status":"publish","type":"product","link":"https:\/\/lucacastelli.com\/de\/produkt\/milwaukee-werkzeugtasche-2\/","title":{"rendered":"MILWAUKEE Werkzeugtasche"},"content":{"rendered":"<p>Robust, aus ballistischem Nylon 1680D; Doppeln\u00e4hte, bis zu 4-mal st\u00e4rker als Standardn\u00e4hte; Der integrierte Griff erm\u00f6glicht einen einfachen Transport; Der solide Boden erm\u00f6glicht auch bei voller Beladung einen hervorragenden Halt; Durch die integrierten Schlaufen kann die Tasche an einem Werkzeugg\u00fcrtel befestigt werden; Mit Aufh\u00e4ngungen aus Metall k\u00f6nnen Sie Hosentr\u00e4ger hinzuf\u00fcgen. Ma\u00dfbandhalter f\u00fcr einfachen Zugriff<\/p>\n","protected":false},"excerpt":{"rendered":"<p>Robust, aus ballistischem Nylon 1680D; Doppeln\u00e4hte, bis zu 4-mal st\u00e4rker als Standardn\u00e4hte; Der integrierte Griff erm\u00f6glicht einen einfachen Transport; Der<\/p>\n","protected":false},"featured_media":0,"template":"","meta":{"_seopress_robots_primary_cat":"","_seopress_titles_title":"","_seopress_titles_desc":"","_seopress_robots_index":""},"product_brand":[3407],"product_cat":[29,558],"product_tag":[3270],"class_list":{"0":"post-502219","1":"product","2":"type-product","3":"status-publish","5":"product_brand-milwaukee","6":"product_cat-macchinari","7":"product_cat-seghe-accessori-vari","8":"product_tag-import-milwau","9":"sws-gruppo-macchinari-de","10":"sws-conto-ricavi-merci-rivendita-macchinari-de","11":"sws-gruppo-iva-iva81-de","13":"first","14":"instock","15":"sale","16":"shipping-taxable","17":"purchasable","18":"product-type-simple"},"_links":{"self":[{"href":"https:\/\/lucacastelli.com\/de\/wp-json\/wp\/v2\/product\/502219","targetHints":{"allow":["GET"]}}],"collection":[{"href":"https:\/\/lucacastelli.com\/de\/wp-json\/wp\/v2\/product"}],"about":[{"href":"https:\/\/lucacastelli.com\/de\/wp-json\/wp\/v2\/types\/product"}],"wp:attachment":[{"href":"https:\/\/lucacastelli.com\/de\/wp-json\/wp\/v2\/media?parent=502219"}],"wp:term":[{"taxonomy":"product_brand","embeddable":true,"href":"https:\/\/lucacastelli.com\/de\/wp-json\/wp\/v2\/product_brand?post=502219"},{"taxonomy":"product_cat","embeddable":true,"href":"https:\/\/lucacastelli.com\/de\/wp-json\/wp\/v2\/product_cat?post=502219"},{"taxonomy":"product_tag","embeddable":true,"href":"https:\/\/lucacastelli.com\/de\/wp-json\/wp\/v2\/product_tag?post=502219"}],"curies":[{"name":"wp","href":"https:\/\/api.w.org\/{rel}","templated":true}]}}