{"id":502218,"date":"2025-07-12T17:50:29","date_gmt":"2025-07-12T15:50:29","guid":{"rendered":"https:\/\/lucacastelli.com\/prodotto\/milwaukee-massband-5\/"},"modified":"2025-07-12T17:50:29","modified_gmt":"2025-07-12T15:50:29","slug":"milwaukee-massband-5","status":"publish","type":"product","link":"https:\/\/lucacastelli.com\/de\/produkt\/milwaukee-massband-5\/","title":{"rendered":"MILWAUKEE Ma\u00dfband"},"content":{"rendered":"<p>Ergonomischeres und kompakteres Design; Nylonbeschichtung, die einen besseren Schutz vor Schmutz, Staub und Wasser bietet; ABS-Geh\u00e4use mit weichem Griff f\u00fcr mehr Komfort und Haltbarkeit; Verst\u00e4rkter Rahmen in 4 Punkten; Flache Basis f\u00fcr horizontale Stabilit\u00e4t und R\u00fcckenlehne f\u00fcr einfache vertikale Messung; G\u00fcrtelclip; Genauigkeit der Klasse II<\/p>\n","protected":false},"excerpt":{"rendered":"<p>Ergonomischeres und kompakteres Design; Nylonbeschichtung, die einen besseren Schutz vor Schmutz, Staub und Wasser bietet; ABS-Geh\u00e4use mit weichem Griff f\u00fcr<\/p>\n","protected":false},"featured_media":483665,"template":"","meta":{"_seopress_robots_primary_cat":"","_seopress_titles_title":"","_seopress_titles_desc":"","_seopress_robots_index":""},"product_brand":[3407],"product_cat":[29,558],"product_tag":[3270],"class_list":{"0":"post-502218","1":"product","2":"type-product","3":"status-publish","4":"has-post-thumbnail","6":"product_brand-milwaukee","7":"product_cat-macchinari","8":"product_cat-seghe-accessori-vari","9":"product_tag-import-milwau","10":"sws-gruppo-macchinari-de","11":"sws-conto-ricavi-merci-rivendita-macchinari-de","12":"sws-gruppo-iva-iva81-de","14":"first","15":"instock","16":"sale","17":"shipping-taxable","18":"purchasable","19":"product-type-simple"},"_links":{"self":[{"href":"https:\/\/lucacastelli.com\/de\/wp-json\/wp\/v2\/product\/502218","targetHints":{"allow":["GET"]}}],"collection":[{"href":"https:\/\/lucacastelli.com\/de\/wp-json\/wp\/v2\/product"}],"about":[{"href":"https:\/\/lucacastelli.com\/de\/wp-json\/wp\/v2\/types\/product"}],"wp:featuredmedia":[{"embeddable":true,"href":"https:\/\/lucacastelli.com\/de\/wp-json\/wp\/v2\/media\/483665"}],"wp:attachment":[{"href":"https:\/\/lucacastelli.com\/de\/wp-json\/wp\/v2\/media?parent=502218"}],"wp:term":[{"taxonomy":"product_brand","embeddable":true,"href":"https:\/\/lucacastelli.com\/de\/wp-json\/wp\/v2\/product_brand?post=502218"},{"taxonomy":"product_cat","embeddable":true,"href":"https:\/\/lucacastelli.com\/de\/wp-json\/wp\/v2\/product_cat?post=502218"},{"taxonomy":"product_tag","embeddable":true,"href":"https:\/\/lucacastelli.com\/de\/wp-json\/wp\/v2\/product_tag?post=502218"}],"curies":[{"name":"wp","href":"https:\/\/api.w.org\/{rel}","templated":true}]}}