{"id":502197,"date":"2025-07-12T17:50:19","date_gmt":"2025-07-12T15:50:19","guid":{"rendered":"https:\/\/lucacastelli.com\/prodotto\/milwaukee-verstellbarer-verstellbarer-verstellbarer-schraubenschluessel-2\/"},"modified":"2025-07-12T17:50:19","modified_gmt":"2025-07-12T15:50:19","slug":"milwaukee-verstellbarer-verstellbarer-verstellbarer-schraubenschluessel-2","status":"publish","type":"product","link":"https:\/\/lucacastelli.com\/de\/produkt\/milwaukee-verstellbarer-verstellbarer-verstellbarer-schraubenschluessel-2\/","title":{"rendered":"MILWAUKEE Verstellbarer verstellbarer verstellbarer Schraubenschl\u00fcssel"},"content":{"rendered":"<p>R\u00e4ndelrad f\u00fcr maximale Pr\u00e4zision und Halt. Die Backe federt nach der Einstellung nicht zur\u00fcck; Chrom f\u00fcr besseren Rostschutz; Ergonomisches Griffdesign. Abgerundet f\u00fcr maximalen Komfort w\u00e4hrend der Anwendung; Schlankes Kopfdesign, um schmale Bereiche zu erreichen; Parallele Backen; Zoll\/mm Laser-Siebdruck f\u00fcr h\u00f6chste Pr\u00e4zision; Spezielles Schn\u00fcrloch  <\/p>\n","protected":false},"excerpt":{"rendered":"<p>R\u00e4ndelrad f\u00fcr maximale Pr\u00e4zision und Halt. Die Backe federt nach der Einstellung nicht zur\u00fcck; Chrom f\u00fcr besseren Rostschutz; Ergonomisches Griffdesign.<\/p>\n","protected":false},"featured_media":483611,"template":"","meta":{"_seopress_robots_primary_cat":"","_seopress_titles_title":"","_seopress_titles_desc":"","_seopress_robots_index":""},"product_brand":[3407],"product_cat":[29,558],"product_tag":[3270],"class_list":{"0":"post-502197","1":"product","2":"type-product","3":"status-publish","4":"has-post-thumbnail","6":"product_brand-milwaukee","7":"product_cat-macchinari","8":"product_cat-seghe-accessori-vari","9":"product_tag-import-milwau","10":"sws-gruppo-macchinari-de","11":"sws-conto-ricavi-merci-rivendita-macchinari-de","12":"sws-gruppo-iva-iva81-de","14":"first","15":"instock","16":"sale","17":"shipping-taxable","18":"purchasable","19":"product-type-simple"},"_links":{"self":[{"href":"https:\/\/lucacastelli.com\/de\/wp-json\/wp\/v2\/product\/502197","targetHints":{"allow":["GET"]}}],"collection":[{"href":"https:\/\/lucacastelli.com\/de\/wp-json\/wp\/v2\/product"}],"about":[{"href":"https:\/\/lucacastelli.com\/de\/wp-json\/wp\/v2\/types\/product"}],"wp:featuredmedia":[{"embeddable":true,"href":"https:\/\/lucacastelli.com\/de\/wp-json\/wp\/v2\/media\/483611"}],"wp:attachment":[{"href":"https:\/\/lucacastelli.com\/de\/wp-json\/wp\/v2\/media?parent=502197"}],"wp:term":[{"taxonomy":"product_brand","embeddable":true,"href":"https:\/\/lucacastelli.com\/de\/wp-json\/wp\/v2\/product_brand?post=502197"},{"taxonomy":"product_cat","embeddable":true,"href":"https:\/\/lucacastelli.com\/de\/wp-json\/wp\/v2\/product_cat?post=502197"},{"taxonomy":"product_tag","embeddable":true,"href":"https:\/\/lucacastelli.com\/de\/wp-json\/wp\/v2\/product_tag?post=502197"}],"curies":[{"name":"wp","href":"https:\/\/api.w.org\/{rel}","templated":true}]}}