{"id":502188,"date":"2025-07-12T17:50:12","date_gmt":"2025-07-12T15:50:12","guid":{"rendered":"https:\/\/lucacastelli.com\/prodotto\/milwaukee-rohrzange-8\/"},"modified":"2026-04-16T02:15:29","modified_gmt":"2026-04-16T00:15:29","slug":"milwaukee-rohrzange-8","status":"publish","type":"product","link":"https:\/\/lucacastelli.com\/de\/produkt\/milwaukee-rohrzange-8\/","title":{"rendered":"MILWAUKEE Rohrzange"},"content":{"rendered":"<p>ROHRZANGE 18 Mod. Amerikanisch &#8211; 1 Stk.<br \/>\n\u00dcbergro\u00dfe Backe f\u00fcr sicheren Halt an Rohren und Fittings; Ger\u00e4ndelte Rolle f\u00fcr maximale Pr\u00e4zision bei der Einstellung. Die R\u00e4ndelung verhindert, dass sich die Backe von der f\u00fcr die Anwendung eingestellten Position bewegt; Ergonomischer Griff f\u00fcr maximalen Komfort; Geh\u00e4rtete Backen f\u00fcr h\u00f6here Widerstandsf\u00e4higkeit und Halt; \u00d6se f\u00fcr Schlaufe  <\/p>\n<p>Rohrzange Mod. Amerikanisch<br \/>\n045242342419 <\/p>\n","protected":false},"excerpt":{"rendered":"<p>ROHRZANGE 18 Mod. Amerikanisch &#8211; 1 Stk. \u00dcbergro\u00dfe Backe f\u00fcr sicheren Halt an Rohren und Fittings; Ger\u00e4ndelte Rolle f\u00fcr maximale<\/p>\n","protected":false},"featured_media":483533,"template":"","meta":{"_seopress_robots_primary_cat":"","_seopress_titles_title":"","_seopress_titles_desc":"","_seopress_robots_index":""},"product_brand":[3407],"product_cat":[29,558],"product_tag":[6834],"class_list":{"0":"post-502188","1":"product","2":"type-product","3":"status-publish","4":"has-post-thumbnail","6":"product_brand-milwaukee","7":"product_cat-macchinari","8":"product_cat-seghe-accessori-vari","9":"product_tag-imp-26-mw_update","10":"sws-gruppo-macchinari-de","11":"sws-conto-ricavi-merci-rivendita-macchinari-de","12":"sws-gruppo-iva-iva81-de","14":"first","15":"instock","16":"sale","17":"shipping-taxable","18":"purchasable","19":"product-type-simple"},"_links":{"self":[{"href":"https:\/\/lucacastelli.com\/de\/wp-json\/wp\/v2\/product\/502188","targetHints":{"allow":["GET"]}}],"collection":[{"href":"https:\/\/lucacastelli.com\/de\/wp-json\/wp\/v2\/product"}],"about":[{"href":"https:\/\/lucacastelli.com\/de\/wp-json\/wp\/v2\/types\/product"}],"wp:featuredmedia":[{"embeddable":true,"href":"https:\/\/lucacastelli.com\/de\/wp-json\/wp\/v2\/media\/483533"}],"wp:attachment":[{"href":"https:\/\/lucacastelli.com\/de\/wp-json\/wp\/v2\/media?parent=502188"}],"wp:term":[{"taxonomy":"product_brand","embeddable":true,"href":"https:\/\/lucacastelli.com\/de\/wp-json\/wp\/v2\/product_brand?post=502188"},{"taxonomy":"product_cat","embeddable":true,"href":"https:\/\/lucacastelli.com\/de\/wp-json\/wp\/v2\/product_cat?post=502188"},{"taxonomy":"product_tag","embeddable":true,"href":"https:\/\/lucacastelli.com\/de\/wp-json\/wp\/v2\/product_tag?post=502188"}],"curies":[{"name":"wp","href":"https:\/\/api.w.org\/{rel}","templated":true}]}}