{"id":502181,"date":"2025-07-12T17:50:01","date_gmt":"2025-07-12T15:50:01","guid":{"rendered":"https:\/\/lucacastelli.com\/prodotto\/milwaukee-rohrzange-7\/"},"modified":"2025-07-12T17:50:01","modified_gmt":"2025-07-12T15:50:01","slug":"milwaukee-rohrzange-7","status":"publish","type":"product","link":"https:\/\/lucacastelli.com\/de\/produkt\/milwaukee-rohrzange-7\/","title":{"rendered":"MILWAUKEE Rohrzange"},"content":{"rendered":"<p>\u00dcbergro\u00dfe Backe f\u00fcr einen sicheren Halt an Rohren und Formst\u00fccken; R\u00e4ndelrad f\u00fcr maximale Pr\u00e4zision bei der Einstellung. Das Gizing erlaubt es dem Kiefer nicht, sich aus der f\u00fcr die Anwendung festgelegten Position zu bewegen. Ergonomischer Griff f\u00fcr maximalen Komfort; Geh\u00e4rtete Backen f\u00fcr mehr Festigkeit und Festigkeit; Schlaufe aus Spitze <\/p>\n","protected":false},"excerpt":{"rendered":"<p>\u00dcbergro\u00dfe Backe f\u00fcr einen sicheren Halt an Rohren und Formst\u00fccken; R\u00e4ndelrad f\u00fcr maximale Pr\u00e4zision bei der Einstellung. Das Gizing erlaubt<\/p>\n","protected":false},"featured_media":483521,"template":"","meta":{"_seopress_robots_primary_cat":"","_seopress_titles_title":"","_seopress_titles_desc":"","_seopress_robots_index":""},"product_brand":[3407],"product_cat":[29,558],"product_tag":[3270],"class_list":{"0":"post-502181","1":"product","2":"type-product","3":"status-publish","4":"has-post-thumbnail","6":"product_brand-milwaukee","7":"product_cat-macchinari","8":"product_cat-seghe-accessori-vari","9":"product_tag-import-milwau","10":"sws-gruppo-macchinari-de","11":"sws-conto-ricavi-merci-rivendita-macchinari-de","12":"sws-gruppo-iva-iva81-de","14":"first","15":"instock","16":"sale","17":"shipping-taxable","18":"purchasable","19":"product-type-simple"},"_links":{"self":[{"href":"https:\/\/lucacastelli.com\/de\/wp-json\/wp\/v2\/product\/502181","targetHints":{"allow":["GET"]}}],"collection":[{"href":"https:\/\/lucacastelli.com\/de\/wp-json\/wp\/v2\/product"}],"about":[{"href":"https:\/\/lucacastelli.com\/de\/wp-json\/wp\/v2\/types\/product"}],"wp:featuredmedia":[{"embeddable":true,"href":"https:\/\/lucacastelli.com\/de\/wp-json\/wp\/v2\/media\/483521"}],"wp:attachment":[{"href":"https:\/\/lucacastelli.com\/de\/wp-json\/wp\/v2\/media?parent=502181"}],"wp:term":[{"taxonomy":"product_brand","embeddable":true,"href":"https:\/\/lucacastelli.com\/de\/wp-json\/wp\/v2\/product_brand?post=502181"},{"taxonomy":"product_cat","embeddable":true,"href":"https:\/\/lucacastelli.com\/de\/wp-json\/wp\/v2\/product_cat?post=502181"},{"taxonomy":"product_tag","embeddable":true,"href":"https:\/\/lucacastelli.com\/de\/wp-json\/wp\/v2\/product_tag?post=502181"}],"curies":[{"name":"wp","href":"https:\/\/api.w.org\/{rel}","templated":true}]}}