{"id":502165,"date":"2025-07-12T17:49:54","date_gmt":"2025-07-12T15:49:54","guid":{"rendered":"https:\/\/lucacastelli.com\/prodotto\/milwaukee-rohrzange\/"},"modified":"2026-04-16T02:17:08","modified_gmt":"2026-04-16T00:17:08","slug":"milwaukee-rohrzange","status":"publish","type":"product","link":"https:\/\/lucacastelli.com\/de\/produkt\/milwaukee-rohrzange\/","title":{"rendered":"MILWAUKEE Rohrzange"},"content":{"rendered":"<p>ROHRZANGE 10 Stahl am. Modell &#8211; 1 Stk.<br \/>\n\u00dcbergro\u00dfe Backe f\u00fcr sicheren Halt an Rohren und Fittings; R\u00e4ndelrad f\u00fcr h\u00f6chste Einstellpr\u00e4zision. Die R\u00e4ndelung verhindert ein Verrutschen der Backe aus der eingestellten Position; Ergonomischer Griff f\u00fcr maximalen Komfort; Geh\u00e4rtete Backen f\u00fcr h\u00f6here Widerstandsf\u00e4higkeit und Griffigkeit; Fangriemen\u00f6se <\/p>\n<p>Rohrzange am. Modell<br \/>\n045242342334 <\/p>\n","protected":false},"excerpt":{"rendered":"<p>ROHRZANGE 10 Stahl am. Modell &#8211; 1 Stk. \u00dcbergro\u00dfe Backe f\u00fcr sicheren Halt an Rohren und Fittings; R\u00e4ndelrad f\u00fcr h\u00f6chste<\/p>\n","protected":false},"featured_media":483478,"template":"","meta":{"_seopress_robots_primary_cat":"","_seopress_titles_title":"","_seopress_titles_desc":"","_seopress_robots_index":""},"product_brand":[3407],"product_cat":[29,558],"product_tag":[6834],"class_list":{"0":"post-502165","1":"product","2":"type-product","3":"status-publish","4":"has-post-thumbnail","6":"product_brand-milwaukee","7":"product_cat-macchinari","8":"product_cat-seghe-accessori-vari","9":"product_tag-imp-26-mw_update","10":"sws-gruppo-macchinari-de","11":"sws-conto-ricavi-merci-rivendita-macchinari-de","12":"sws-gruppo-iva-iva81-de","14":"first","15":"instock","16":"sale","17":"shipping-taxable","18":"purchasable","19":"product-type-simple"},"_links":{"self":[{"href":"https:\/\/lucacastelli.com\/de\/wp-json\/wp\/v2\/product\/502165","targetHints":{"allow":["GET"]}}],"collection":[{"href":"https:\/\/lucacastelli.com\/de\/wp-json\/wp\/v2\/product"}],"about":[{"href":"https:\/\/lucacastelli.com\/de\/wp-json\/wp\/v2\/types\/product"}],"wp:featuredmedia":[{"embeddable":true,"href":"https:\/\/lucacastelli.com\/de\/wp-json\/wp\/v2\/media\/483478"}],"wp:attachment":[{"href":"https:\/\/lucacastelli.com\/de\/wp-json\/wp\/v2\/media?parent=502165"}],"wp:term":[{"taxonomy":"product_brand","embeddable":true,"href":"https:\/\/lucacastelli.com\/de\/wp-json\/wp\/v2\/product_brand?post=502165"},{"taxonomy":"product_cat","embeddable":true,"href":"https:\/\/lucacastelli.com\/de\/wp-json\/wp\/v2\/product_cat?post=502165"},{"taxonomy":"product_tag","embeddable":true,"href":"https:\/\/lucacastelli.com\/de\/wp-json\/wp\/v2\/product_tag?post=502165"}],"curies":[{"name":"wp","href":"https:\/\/api.w.org\/{rel}","templated":true}]}}