{"id":502160,"date":"2025-07-12T17:49:53","date_gmt":"2025-07-12T15:49:53","guid":{"rendered":"https:\/\/lucacastelli.com\/prodotto\/milwaukee-mutter-windeisenschluessel\/"},"modified":"2026-04-16T02:18:30","modified_gmt":"2026-04-16T00:18:30","slug":"milwaukee-mutter-windeisenschluessel","status":"publish","type":"product","link":"https:\/\/lucacastelli.com\/de\/produkt\/milwaukee-mutter-windeisenschluessel\/","title":{"rendered":"MILWAUKEE Standhahnmutterschl\u00fcssel"},"content":{"rendered":"<p>STANDHAHNMUTTERSCHL\u00dcSSEL 32-65 mm &#8211; 1 Stk.<br \/>\nDesign kompatibel mit 3\/8&#8243;-Ratsche; Hebeldesign f\u00fcr hohes Drehmoment bei festsitzenden Befestigungselementen; H\u00f6herer Bedienkomfort durch Anpassungsf\u00e4higkeit; Einfache Einstellung<\/p>\n<p>Standhahnmutterschl\u00fcssel<br \/>\n045242366187<\/p>\n","protected":false},"excerpt":{"rendered":"<p>STANDHAHNMUTTERSCHL\u00dcSSEL 32-65 mm &#8211; 1 Stk. Design kompatibel mit 3\/8&#8243;-Ratsche; Hebeldesign f\u00fcr hohes Drehmoment bei festsitzenden Befestigungselementen; H\u00f6herer Bedienkomfort durch<\/p>\n","protected":false},"featured_media":483464,"template":"","meta":{"_seopress_robots_primary_cat":"","_seopress_titles_title":"","_seopress_titles_desc":"","_seopress_robots_index":""},"product_brand":[3407],"product_cat":[29,558],"product_tag":[6834],"class_list":{"0":"post-502160","1":"product","2":"type-product","3":"status-publish","4":"has-post-thumbnail","6":"product_brand-milwaukee","7":"product_cat-macchinari","8":"product_cat-seghe-accessori-vari","9":"product_tag-imp-26-mw_update","10":"sws-gruppo-macchinari-de","11":"sws-conto-ricavi-merci-rivendita-macchinari-de","12":"sws-gruppo-iva-iva81-de","14":"first","15":"instock","16":"sale","17":"shipping-taxable","18":"purchasable","19":"product-type-simple"},"_links":{"self":[{"href":"https:\/\/lucacastelli.com\/de\/wp-json\/wp\/v2\/product\/502160","targetHints":{"allow":["GET"]}}],"collection":[{"href":"https:\/\/lucacastelli.com\/de\/wp-json\/wp\/v2\/product"}],"about":[{"href":"https:\/\/lucacastelli.com\/de\/wp-json\/wp\/v2\/types\/product"}],"wp:featuredmedia":[{"embeddable":true,"href":"https:\/\/lucacastelli.com\/de\/wp-json\/wp\/v2\/media\/483464"}],"wp:attachment":[{"href":"https:\/\/lucacastelli.com\/de\/wp-json\/wp\/v2\/media?parent=502160"}],"wp:term":[{"taxonomy":"product_brand","embeddable":true,"href":"https:\/\/lucacastelli.com\/de\/wp-json\/wp\/v2\/product_brand?post=502160"},{"taxonomy":"product_cat","embeddable":true,"href":"https:\/\/lucacastelli.com\/de\/wp-json\/wp\/v2\/product_cat?post=502160"},{"taxonomy":"product_tag","embeddable":true,"href":"https:\/\/lucacastelli.com\/de\/wp-json\/wp\/v2\/product_tag?post=502160"}],"curies":[{"name":"wp","href":"https:\/\/api.w.org\/{rel}","templated":true}]}}