{"id":502151,"date":"2025-07-12T17:49:50","date_gmt":"2025-07-12T15:49:50","guid":{"rendered":"https:\/\/lucacastelli.com\/prodotto\/milwaukee-seitenschneider\/"},"modified":"2025-07-12T17:49:50","modified_gmt":"2025-07-12T15:49:50","slug":"milwaukee-seitenschneider","status":"publish","type":"product","link":"https:\/\/lucacastelli.com\/de\/produkt\/milwaukee-seitenschneider\/","title":{"rendered":"MILWAUKEE Seitenschneider"},"content":{"rendered":"<p>Hartmetall-Schneidkanten f\u00fcr eine l\u00e4ngere Lebensdauer der Klinge; Gummigriff f\u00fcr besseren Halt w\u00e4hrend der Anwendung. Die Zusammensetzung des Griffs erw\u00e4rmt die H\u00e4nde w\u00e4hrend des Gebrauchs nicht. Abgerundeter Kopf. Auf diese Weise k\u00f6nnen Sie es w\u00e4hrend der Anwendung nicht besch\u00e4digen. Langlebiges Design f\u00fcr maximale Haltbarkeit auch in den h\u00e4rtesten Umgebungen; Schwarzer Obsidian f\u00fcr maximalen Rostschutz  <\/p>\n","protected":false},"excerpt":{"rendered":"<p>Hartmetall-Schneidkanten f\u00fcr eine l\u00e4ngere Lebensdauer der Klinge; Gummigriff f\u00fcr besseren Halt w\u00e4hrend der Anwendung. Die Zusammensetzung des Griffs erw\u00e4rmt die<\/p>\n","protected":false},"featured_media":483407,"template":"","meta":{"_seopress_robots_primary_cat":"","_seopress_titles_title":"","_seopress_titles_desc":"","_seopress_robots_index":""},"product_brand":[3407],"product_cat":[29,558],"product_tag":[3270],"class_list":{"0":"post-502151","1":"product","2":"type-product","3":"status-publish","4":"has-post-thumbnail","6":"product_brand-milwaukee","7":"product_cat-macchinari","8":"product_cat-seghe-accessori-vari","9":"product_tag-import-milwau","10":"sws-gruppo-macchinari-de","11":"sws-conto-ricavi-merci-rivendita-macchinari-de","12":"sws-gruppo-iva-iva81-de","14":"first","15":"instock","16":"sale","17":"shipping-taxable","18":"purchasable","19":"product-type-simple"},"_links":{"self":[{"href":"https:\/\/lucacastelli.com\/de\/wp-json\/wp\/v2\/product\/502151","targetHints":{"allow":["GET"]}}],"collection":[{"href":"https:\/\/lucacastelli.com\/de\/wp-json\/wp\/v2\/product"}],"about":[{"href":"https:\/\/lucacastelli.com\/de\/wp-json\/wp\/v2\/types\/product"}],"wp:featuredmedia":[{"embeddable":true,"href":"https:\/\/lucacastelli.com\/de\/wp-json\/wp\/v2\/media\/483407"}],"wp:attachment":[{"href":"https:\/\/lucacastelli.com\/de\/wp-json\/wp\/v2\/media?parent=502151"}],"wp:term":[{"taxonomy":"product_brand","embeddable":true,"href":"https:\/\/lucacastelli.com\/de\/wp-json\/wp\/v2\/product_brand?post=502151"},{"taxonomy":"product_cat","embeddable":true,"href":"https:\/\/lucacastelli.com\/de\/wp-json\/wp\/v2\/product_cat?post=502151"},{"taxonomy":"product_tag","embeddable":true,"href":"https:\/\/lucacastelli.com\/de\/wp-json\/wp\/v2\/product_tag?post=502151"}],"curies":[{"name":"wp","href":"https:\/\/api.w.org\/{rel}","templated":true}]}}