{"id":502150,"date":"2025-07-12T17:49:48","date_gmt":"2025-07-12T15:49:48","guid":{"rendered":"https:\/\/lucacastelli.com\/prodotto\/milwaukee-utility-zange\/"},"modified":"2025-07-12T17:49:48","modified_gmt":"2025-07-12T15:49:48","slug":"milwaukee-utility-zange","status":"publish","type":"product","link":"https:\/\/lucacastelli.com\/de\/produkt\/milwaukee-utility-zange\/","title":{"rendered":"MILWAUKEE Utility-Zange"},"content":{"rendered":"<p>F\u00fcr Schneid- und Greifanwendungen; Langer Griff zur \u00dcbertragung maximaler Kraft w\u00e4hrend der Anwendung; Entfernen von Graten mit dem oberen Teil des Werkzeugs f\u00fcr Rohre mit einem Durchmesser von bis zu 25 mm; Herausziehen von N\u00e4geln dank eines hohen Griffs; Geh\u00e4rtete Hartmetallbacken 64 HRC; Schlitze am Drehpunkt des Werkzeugs, die zum Schneiden von N\u00e4geln\/Bolzen und Schrauben bestimmt sind; Spezielles Geh\u00e4use aus Chrom-Vanadium-Stahl f\u00fcr Haltbarkeit und Rostbest\u00e4ndigkeit; Softgrip-Griff; Gezackte Backen f\u00fcr mehr Halt beim Fest- und Herausziehen<\/p>\n","protected":false},"excerpt":{"rendered":"<p>F\u00fcr Schneid- und Greifanwendungen; Langer Griff zur \u00dcbertragung maximaler Kraft w\u00e4hrend der Anwendung; Entfernen von Graten mit dem oberen Teil<\/p>\n","protected":false},"featured_media":483377,"template":"","meta":{"_seopress_robots_primary_cat":"","_seopress_titles_title":"","_seopress_titles_desc":"","_seopress_robots_index":""},"product_brand":[3407],"product_cat":[29,558],"product_tag":[3270],"class_list":{"0":"post-502150","1":"product","2":"type-product","3":"status-publish","4":"has-post-thumbnail","6":"product_brand-milwaukee","7":"product_cat-macchinari","8":"product_cat-seghe-accessori-vari","9":"product_tag-import-milwau","10":"sws-gruppo-macchinari-de","11":"sws-conto-ricavi-merci-rivendita-macchinari-de","12":"sws-gruppo-iva-iva81-de","14":"first","15":"instock","16":"sale","17":"shipping-taxable","18":"purchasable","19":"product-type-simple"},"_links":{"self":[{"href":"https:\/\/lucacastelli.com\/de\/wp-json\/wp\/v2\/product\/502150","targetHints":{"allow":["GET"]}}],"collection":[{"href":"https:\/\/lucacastelli.com\/de\/wp-json\/wp\/v2\/product"}],"about":[{"href":"https:\/\/lucacastelli.com\/de\/wp-json\/wp\/v2\/types\/product"}],"wp:featuredmedia":[{"embeddable":true,"href":"https:\/\/lucacastelli.com\/de\/wp-json\/wp\/v2\/media\/483377"}],"wp:attachment":[{"href":"https:\/\/lucacastelli.com\/de\/wp-json\/wp\/v2\/media?parent=502150"}],"wp:term":[{"taxonomy":"product_brand","embeddable":true,"href":"https:\/\/lucacastelli.com\/de\/wp-json\/wp\/v2\/product_brand?post=502150"},{"taxonomy":"product_cat","embeddable":true,"href":"https:\/\/lucacastelli.com\/de\/wp-json\/wp\/v2\/product_cat?post=502150"},{"taxonomy":"product_tag","embeddable":true,"href":"https:\/\/lucacastelli.com\/de\/wp-json\/wp\/v2\/product_tag?post=502150"}],"curies":[{"name":"wp","href":"https:\/\/api.w.org\/{rel}","templated":true}]}}