{"id":502144,"date":"2025-07-12T17:49:47","date_gmt":"2025-07-12T15:49:47","guid":{"rendered":"https:\/\/lucacastelli.com\/prodotto\/milwaukee-massband-2\/"},"modified":"2025-07-12T17:49:47","modified_gmt":"2025-07-12T15:49:47","slug":"milwaukee-massband-2","status":"publish","type":"product","link":"https:\/\/lucacastelli.com\/de\/produkt\/milwaukee-massband-2\/","title":{"rendered":"MILWAUKEE Ma\u00dfband"},"content":{"rendered":"<p>5 Schrauben, die den Widerstand im Falle eines Sturzes erh\u00f6hen. 10-mal widerstandsf\u00e4higer; 13 mm Bandbreite, mit einem Nylongewebe \u00fcberzogen, das es sehr verschlei\u00dffest macht; Ergonomisch und komfortabel f\u00fcr einfache Messungen <\/p>\n","protected":false},"excerpt":{"rendered":"<p>5 Schrauben, die den Widerstand im Falle eines Sturzes erh\u00f6hen. 10-mal widerstandsf\u00e4higer; 13 mm Bandbreite, mit einem Nylongewebe \u00fcberzogen, das<\/p>\n","protected":false},"featured_media":483356,"template":"","meta":{"_seopress_robots_primary_cat":"","_seopress_titles_title":"","_seopress_titles_desc":"","_seopress_robots_index":""},"product_brand":[3407],"product_cat":[29,558],"product_tag":[3270],"class_list":{"0":"post-502144","1":"product","2":"type-product","3":"status-publish","4":"has-post-thumbnail","6":"product_brand-milwaukee","7":"product_cat-macchinari","8":"product_cat-seghe-accessori-vari","9":"product_tag-import-milwau","10":"sws-gruppo-macchinari-de","11":"sws-conto-ricavi-merci-rivendita-macchinari-de","12":"sws-gruppo-iva-iva81-de","14":"first","15":"instock","16":"sale","17":"shipping-taxable","18":"purchasable","19":"product-type-simple"},"_links":{"self":[{"href":"https:\/\/lucacastelli.com\/de\/wp-json\/wp\/v2\/product\/502144","targetHints":{"allow":["GET"]}}],"collection":[{"href":"https:\/\/lucacastelli.com\/de\/wp-json\/wp\/v2\/product"}],"about":[{"href":"https:\/\/lucacastelli.com\/de\/wp-json\/wp\/v2\/types\/product"}],"wp:featuredmedia":[{"embeddable":true,"href":"https:\/\/lucacastelli.com\/de\/wp-json\/wp\/v2\/media\/483356"}],"wp:attachment":[{"href":"https:\/\/lucacastelli.com\/de\/wp-json\/wp\/v2\/media?parent=502144"}],"wp:term":[{"taxonomy":"product_brand","embeddable":true,"href":"https:\/\/lucacastelli.com\/de\/wp-json\/wp\/v2\/product_brand?post=502144"},{"taxonomy":"product_cat","embeddable":true,"href":"https:\/\/lucacastelli.com\/de\/wp-json\/wp\/v2\/product_cat?post=502144"},{"taxonomy":"product_tag","embeddable":true,"href":"https:\/\/lucacastelli.com\/de\/wp-json\/wp\/v2\/product_tag?post=502144"}],"curies":[{"name":"wp","href":"https:\/\/api.w.org\/{rel}","templated":true}]}}