{"id":502138,"date":"2025-07-12T17:49:45","date_gmt":"2025-07-12T15:49:45","guid":{"rendered":"https:\/\/lucacastelli.com\/prodotto\/milwaukee-offenes-gehaeuserad-3\/"},"modified":"2026-04-16T02:18:28","modified_gmt":"2026-04-16T00:18:28","slug":"milwaukee-offenes-gehaeuserad-3","status":"publish","type":"product","link":"https:\/\/lucacastelli.com\/de\/produkt\/milwaukee-offenes-gehaeuserad-3\/","title":{"rendered":"MILWAUKEE Messrad mit offenem Geh\u00e4use"},"content":{"rendered":"<p>MESSRAD METR\/IMPER GLASF 60m\/200ft 1Stk<br \/>\nDas Glasfaserband garantiert h\u00f6here Leichtigkeit;Planetengetriebe 3:1 f\u00fcr bis zu 10-mal h\u00f6here Lebensdauer im Vergleich zu Standardgetrieben;Schmutzabweiser: h\u00e4lt das Band sauber und frei von abrasiven Materialien;Skala auf beiden Seiten aufgedruckt. Metrische Skala oben und Imperial unten <\/p>\n<p>Messrad mit offenem Geh\u00e4use und Glasfaserband<br \/>\n045242527748<\/p>\n","protected":false},"excerpt":{"rendered":"<p>MESSRAD METR\/IMPER GLASF 60m\/200ft 1Stk Das Glasfaserband garantiert h\u00f6here Leichtigkeit;Planetengetriebe 3:1 f\u00fcr bis zu 10-mal h\u00f6here Lebensdauer im Vergleich zu<\/p>\n","protected":false},"featured_media":483338,"template":"","meta":{"_seopress_robots_primary_cat":"","_seopress_titles_title":"","_seopress_titles_desc":"","_seopress_robots_index":""},"product_brand":[3407],"product_cat":[29,558],"product_tag":[6834],"class_list":{"0":"post-502138","1":"product","2":"type-product","3":"status-publish","4":"has-post-thumbnail","6":"product_brand-milwaukee","7":"product_cat-macchinari","8":"product_cat-seghe-accessori-vari","9":"product_tag-imp-26-mw_update","10":"sws-gruppo-macchinari-de","11":"sws-conto-ricavi-merci-rivendita-macchinari-de","12":"sws-gruppo-iva-iva81-de","14":"first","15":"instock","16":"sale","17":"shipping-taxable","18":"purchasable","19":"product-type-simple"},"_links":{"self":[{"href":"https:\/\/lucacastelli.com\/de\/wp-json\/wp\/v2\/product\/502138","targetHints":{"allow":["GET"]}}],"collection":[{"href":"https:\/\/lucacastelli.com\/de\/wp-json\/wp\/v2\/product"}],"about":[{"href":"https:\/\/lucacastelli.com\/de\/wp-json\/wp\/v2\/types\/product"}],"wp:featuredmedia":[{"embeddable":true,"href":"https:\/\/lucacastelli.com\/de\/wp-json\/wp\/v2\/media\/483338"}],"wp:attachment":[{"href":"https:\/\/lucacastelli.com\/de\/wp-json\/wp\/v2\/media?parent=502138"}],"wp:term":[{"taxonomy":"product_brand","embeddable":true,"href":"https:\/\/lucacastelli.com\/de\/wp-json\/wp\/v2\/product_brand?post=502138"},{"taxonomy":"product_cat","embeddable":true,"href":"https:\/\/lucacastelli.com\/de\/wp-json\/wp\/v2\/product_cat?post=502138"},{"taxonomy":"product_tag","embeddable":true,"href":"https:\/\/lucacastelli.com\/de\/wp-json\/wp\/v2\/product_tag?post=502138"}],"curies":[{"name":"wp","href":"https:\/\/api.w.org\/{rel}","templated":true}]}}