{"id":502133,"date":"2025-07-12T17:49:41","date_gmt":"2025-07-12T15:49:41","guid":{"rendered":"https:\/\/lucacastelli.com\/prodotto\/milwaukee-massband\/"},"modified":"2025-07-12T17:49:41","modified_gmt":"2025-07-12T15:49:41","slug":"milwaukee-massband","status":"publish","type":"product","link":"https:\/\/lucacastelli.com\/de\/produkt\/milwaukee-massband\/","title":{"rendered":"MILWAUKEE Ma\u00dfband"},"content":{"rendered":"<p>Einseitige, 30 m lange Leiter mit 9,5 mm Gurtbreite; Schmutzentfernungsvorrichtung: h\u00e4lt das Band sauber und frei von abrasiven Materialien; Extrem langlebiges Design: Verst\u00e4rktes Metallgeh\u00e4use, verst\u00e4rkter Griff und Stahlband mit Nylonabdeckung; 3:1-Planetengetriebe f\u00fcr eine bis zu 10-mal l\u00e4ngere Lebensdauer als Standardgetriebe; Genauigkeitsklasse II<\/p>\n","protected":false},"excerpt":{"rendered":"<p>Einseitige, 30 m lange Leiter mit 9,5 mm Gurtbreite; Schmutzentfernungsvorrichtung: h\u00e4lt das Band sauber und frei von abrasiven Materialien; Extrem<\/p>\n","protected":false},"featured_media":483215,"template":"","meta":{"_seopress_robots_primary_cat":"","_seopress_titles_title":"","_seopress_titles_desc":"","_seopress_robots_index":""},"product_brand":[3656],"product_cat":[169,1535],"product_tag":[3272],"class_list":{"0":"post-502133","1":"product","2":"type-product","3":"status-publish","4":"has-post-thumbnail","6":"product_brand-milwaukee-de","7":"product_cat-maschinen","8":"product_cat-sagen","9":"product_tag-import-milwau-de","10":"sws-gruppo-macchinari-de","11":"sws-conto-ricavi-merci-rivendita-macchinari-de","12":"sws-gruppo-iva-iva81-de","14":"first","15":"instock","16":"sale","17":"shipping-taxable","18":"purchasable","19":"product-type-simple"},"_links":{"self":[{"href":"https:\/\/lucacastelli.com\/de\/wp-json\/wp\/v2\/product\/502133","targetHints":{"allow":["GET"]}}],"collection":[{"href":"https:\/\/lucacastelli.com\/de\/wp-json\/wp\/v2\/product"}],"about":[{"href":"https:\/\/lucacastelli.com\/de\/wp-json\/wp\/v2\/types\/product"}],"wp:featuredmedia":[{"embeddable":true,"href":"https:\/\/lucacastelli.com\/de\/wp-json\/wp\/v2\/media\/483215"}],"wp:attachment":[{"href":"https:\/\/lucacastelli.com\/de\/wp-json\/wp\/v2\/media?parent=502133"}],"wp:term":[{"taxonomy":"product_brand","embeddable":true,"href":"https:\/\/lucacastelli.com\/de\/wp-json\/wp\/v2\/product_brand?post=502133"},{"taxonomy":"product_cat","embeddable":true,"href":"https:\/\/lucacastelli.com\/de\/wp-json\/wp\/v2\/product_cat?post=502133"},{"taxonomy":"product_tag","embeddable":true,"href":"https:\/\/lucacastelli.com\/de\/wp-json\/wp\/v2\/product_tag?post=502133"}],"curies":[{"name":"wp","href":"https:\/\/api.w.org\/{rel}","templated":true}]}}