{"id":502127,"date":"2025-07-12T17:49:40","date_gmt":"2025-07-12T15:49:40","guid":{"rendered":"https:\/\/lucacastelli.com\/prodotto\/milwaukee-klingen\/"},"modified":"2025-07-12T17:49:40","modified_gmt":"2025-07-12T15:49:40","slug":"milwaukee-klingen","status":"publish","type":"product","link":"https:\/\/lucacastelli.com\/de\/produkt\/milwaukee-klingen\/","title":{"rendered":"MILWAUKEE Klingen"},"content":{"rendered":"<p>Erm\u00f6glicht das einfache Entgraten von Kupfer- und PVC-Rohren; Komplett aus Metall gefertigt f\u00fcr Langlebigkeit am Arbeitsplatz; Geh\u00e4rtete und mit Schwarzoxid beschichtete Klinge f\u00fcr Langlebigkeit; Praktische und langlebige Befestigung, um den Stift an Ihrer Tasche oder Tasche zu befestigen<\/p>\n","protected":false},"excerpt":{"rendered":"<p>Erm\u00f6glicht das einfache Entgraten von Kupfer- und PVC-Rohren; Komplett aus Metall gefertigt f\u00fcr Langlebigkeit am Arbeitsplatz; Geh\u00e4rtete und mit Schwarzoxid<\/p>\n","protected":false},"featured_media":483192,"template":"","meta":{"_seopress_robots_primary_cat":"","_seopress_titles_title":"","_seopress_titles_desc":"","_seopress_robots_index":""},"product_brand":[3407],"product_cat":[29,558],"product_tag":[3270],"class_list":{"0":"post-502127","1":"product","2":"type-product","3":"status-publish","4":"has-post-thumbnail","6":"product_brand-milwaukee","7":"product_cat-macchinari","8":"product_cat-seghe-accessori-vari","9":"product_tag-import-milwau","10":"sws-gruppo-macchinari-de","11":"sws-conto-ricavi-merci-rivendita-macchinari-de","12":"sws-gruppo-iva-iva81-de","14":"first","15":"instock","16":"sale","17":"shipping-taxable","18":"purchasable","19":"product-type-simple"},"_links":{"self":[{"href":"https:\/\/lucacastelli.com\/de\/wp-json\/wp\/v2\/product\/502127","targetHints":{"allow":["GET"]}}],"collection":[{"href":"https:\/\/lucacastelli.com\/de\/wp-json\/wp\/v2\/product"}],"about":[{"href":"https:\/\/lucacastelli.com\/de\/wp-json\/wp\/v2\/types\/product"}],"wp:featuredmedia":[{"embeddable":true,"href":"https:\/\/lucacastelli.com\/de\/wp-json\/wp\/v2\/media\/483192"}],"wp:attachment":[{"href":"https:\/\/lucacastelli.com\/de\/wp-json\/wp\/v2\/media?parent=502127"}],"wp:term":[{"taxonomy":"product_brand","embeddable":true,"href":"https:\/\/lucacastelli.com\/de\/wp-json\/wp\/v2\/product_brand?post=502127"},{"taxonomy":"product_cat","embeddable":true,"href":"https:\/\/lucacastelli.com\/de\/wp-json\/wp\/v2\/product_cat?post=502127"},{"taxonomy":"product_tag","embeddable":true,"href":"https:\/\/lucacastelli.com\/de\/wp-json\/wp\/v2\/product_tag?post=502127"}],"curies":[{"name":"wp","href":"https:\/\/api.w.org\/{rel}","templated":true}]}}