{"id":502111,"date":"2025-07-12T17:49:33","date_gmt":"2025-07-12T15:49:33","guid":{"rendered":"https:\/\/lucacastelli.com\/prodotto\/milwaukee-fluessiglackmarker-3\/"},"modified":"2025-07-12T17:49:33","modified_gmt":"2025-07-12T15:49:33","slug":"milwaukee-fluessiglackmarker-3","status":"publish","type":"product","link":"https:\/\/lucacastelli.com\/de\/produkt\/milwaukee-fluessiglackmarker-3\/","title":{"rendered":"MILWAUKEE Fl\u00fcssiglackmarker"},"content":{"rendered":"<p>Fl\u00fcssigkeitsleckage durch das Ventil; Acrylspitze f\u00fcr die anspruchsvollsten Arbeitsbedingungen: Oberfl\u00e4chentemperatur von -10\u00b0 bis +145; Markierung auf dunklen Oberfl\u00e4chen, auf denen herk\u00f6mmliche Marker nicht leicht sichtbar sind; Es kann auf rauen, staubigen und fettigen Oberfl\u00e4chen verwendet werden; F\u00fcr den Einsatz auf Beton, schwarzen Rohren, Aluminium, PVC, Stahl und Edelstahl, Gummi und Reifen; Trocknungszeit 10 Sekunden; Wasser- und UV-best\u00e4ndige Kennzeichnung; Unausl\u00f6schliche Marker. Die Markierungen halten bis zu 6 Monate; Metallgeh\u00e4use f\u00fcr maximale Haltbarkeit; Xylolfreie Farbe; WICHTIG: Sch\u00fctteln Sie den Marker mit aufgesetzter Kappe. Entfernen Sie die Kappe und dr\u00fccken Sie die Spitze vorsichtig in Richtung der zu markierenden Oberfl\u00e4che, w\u00e4hrend Sie darauf warten, dass die Fl\u00fcssigkeit in die Spitze flie\u00dft  <\/p>\n","protected":false},"excerpt":{"rendered":"<p>Fl\u00fcssigkeitsleckage durch das Ventil; Acrylspitze f\u00fcr die anspruchsvollsten Arbeitsbedingungen: Oberfl\u00e4chentemperatur von -10\u00b0 bis +145; Markierung auf dunklen Oberfl\u00e4chen, auf denen<\/p>\n","protected":false},"featured_media":483115,"template":"","meta":{"_seopress_robots_primary_cat":"","_seopress_titles_title":"","_seopress_titles_desc":"","_seopress_robots_index":""},"product_brand":[3407],"product_cat":[29,558],"product_tag":[3270],"class_list":{"0":"post-502111","1":"product","2":"type-product","3":"status-publish","4":"has-post-thumbnail","6":"product_brand-milwaukee","7":"product_cat-macchinari","8":"product_cat-seghe-accessori-vari","9":"product_tag-import-milwau","10":"sws-gruppo-macchinari-de","11":"sws-conto-ricavi-merci-rivendita-macchinari-de","12":"sws-gruppo-iva-iva81-de","14":"first","15":"instock","16":"sale","17":"shipping-taxable","18":"purchasable","19":"product-type-simple"},"_links":{"self":[{"href":"https:\/\/lucacastelli.com\/de\/wp-json\/wp\/v2\/product\/502111","targetHints":{"allow":["GET"]}}],"collection":[{"href":"https:\/\/lucacastelli.com\/de\/wp-json\/wp\/v2\/product"}],"about":[{"href":"https:\/\/lucacastelli.com\/de\/wp-json\/wp\/v2\/types\/product"}],"wp:featuredmedia":[{"embeddable":true,"href":"https:\/\/lucacastelli.com\/de\/wp-json\/wp\/v2\/media\/483115"}],"wp:attachment":[{"href":"https:\/\/lucacastelli.com\/de\/wp-json\/wp\/v2\/media?parent=502111"}],"wp:term":[{"taxonomy":"product_brand","embeddable":true,"href":"https:\/\/lucacastelli.com\/de\/wp-json\/wp\/v2\/product_brand?post=502111"},{"taxonomy":"product_cat","embeddable":true,"href":"https:\/\/lucacastelli.com\/de\/wp-json\/wp\/v2\/product_cat?post=502111"},{"taxonomy":"product_tag","embeddable":true,"href":"https:\/\/lucacastelli.com\/de\/wp-json\/wp\/v2\/product_tag?post=502111"}],"curies":[{"name":"wp","href":"https:\/\/api.w.org\/{rel}","templated":true}]}}