{"id":502103,"date":"2025-07-12T17:49:30","date_gmt":"2025-07-12T15:49:30","guid":{"rendered":"https:\/\/lucacastelli.com\/prodotto\/milwaukee-textmarker-set\/"},"modified":"2025-07-12T17:49:30","modified_gmt":"2025-07-12T15:49:30","slug":"milwaukee-textmarker-set","status":"publish","type":"product","link":"https:\/\/lucacastelli.com\/de\/produkt\/milwaukee-textmarker-set\/","title":{"rendered":"MILWAUKEE Textmarker Set"},"content":{"rendered":"<p>Sehr widerstandsf\u00e4hige Spitze, beh\u00e4lt lange ihre Form; Kein Verschmieren; UNGIFTIGE Tinte, ASTM D 4236 zertifiziert; Ideal f\u00fcr Architekturzeichnungen, Etiketten, B\u00fcropapier; Anti-Fall-K\u00f6rperdesign f\u00fcr besseren Grip auf jeder Oberfl\u00e4che; Haken, mit dem Sie den Marker am Helm, an der Hose usw. befestigen k\u00f6nnen; Schn\u00fcrloch \u2013 M\u00f6glichkeit, den Marker am G\u00fcrtel zu befestigen<\/p>\n","protected":false},"excerpt":{"rendered":"<p>Sehr widerstandsf\u00e4hige Spitze, beh\u00e4lt lange ihre Form; Kein Verschmieren; UNGIFTIGE Tinte, ASTM D 4236 zertifiziert; Ideal f\u00fcr Architekturzeichnungen, Etiketten, B\u00fcropapier;<\/p>\n","protected":false},"featured_media":483044,"template":"","meta":{"_seopress_robots_primary_cat":"","_seopress_titles_title":"","_seopress_titles_desc":"","_seopress_robots_index":""},"product_brand":[3656],"product_cat":[169,1535],"product_tag":[3272],"class_list":{"0":"post-502103","1":"product","2":"type-product","3":"status-publish","4":"has-post-thumbnail","6":"product_brand-milwaukee-de","7":"product_cat-maschinen","8":"product_cat-sagen","9":"product_tag-import-milwau-de","10":"sws-gruppo-macchinari-de","11":"sws-conto-ricavi-merci-rivendita-macchinari-de","12":"sws-gruppo-iva-iva81-de","14":"first","15":"instock","16":"sale","17":"shipping-taxable","18":"purchasable","19":"product-type-simple"},"_links":{"self":[{"href":"https:\/\/lucacastelli.com\/de\/wp-json\/wp\/v2\/product\/502103","targetHints":{"allow":["GET"]}}],"collection":[{"href":"https:\/\/lucacastelli.com\/de\/wp-json\/wp\/v2\/product"}],"about":[{"href":"https:\/\/lucacastelli.com\/de\/wp-json\/wp\/v2\/types\/product"}],"wp:featuredmedia":[{"embeddable":true,"href":"https:\/\/lucacastelli.com\/de\/wp-json\/wp\/v2\/media\/483044"}],"wp:attachment":[{"href":"https:\/\/lucacastelli.com\/de\/wp-json\/wp\/v2\/media?parent=502103"}],"wp:term":[{"taxonomy":"product_brand","embeddable":true,"href":"https:\/\/lucacastelli.com\/de\/wp-json\/wp\/v2\/product_brand?post=502103"},{"taxonomy":"product_cat","embeddable":true,"href":"https:\/\/lucacastelli.com\/de\/wp-json\/wp\/v2\/product_cat?post=502103"},{"taxonomy":"product_tag","embeddable":true,"href":"https:\/\/lucacastelli.com\/de\/wp-json\/wp\/v2\/product_tag?post=502103"}],"curies":[{"name":"wp","href":"https:\/\/api.w.org\/{rel}","templated":true}]}}