{"id":502091,"date":"2025-07-12T17:49:10","date_gmt":"2025-07-12T15:49:10","guid":{"rendered":"https:\/\/lucacastelli.com\/prodotto\/milwaukee-permanentmarker-stift-5\/"},"modified":"2025-07-12T17:49:10","modified_gmt":"2025-07-12T15:49:10","slug":"milwaukee-permanentmarker-stift-5","status":"publish","type":"product","link":"https:\/\/lucacastelli.com\/de\/produkt\/milwaukee-permanentmarker-stift-5\/","title":{"rendered":"MILWAUKEE Permanentmarker Stift"},"content":{"rendered":"<p>Sehr lange Lebensdauer der Spitze, die auch unter hohem Druck des Benutzers nicht besch\u00e4digt wird \u2013 verhindert, dass die Spitze eine abgerundete Form annimmt; Acrylspitze, ideal f\u00fcr raue Oberfl\u00e4chen wie Beton oder Sperrholz; Hoher Widerstand der Spitze. Der Marker schreibt auch nach 72 Stunden Lufteinwirkung weiter; Zur Verwendung auf Beton, Holz, Metall, Gipskartonplatten, Nachgiebigkeit, Kunststoff; Es kann auf nassen, \u00f6ligen, staubigen, rostigen Oberfl\u00e4chen und auf Oberfl\u00e4chen mit Schmutz verwendet werden; Schnelle Trocknungszeit \u2013 reduziert Grate auf Kunststoff- und Materialoberfl\u00e4chen; Schlankes Geh\u00e4use f\u00fcr den Einsatz in engen R\u00e4umen; Schn\u00fcrloch \u2013 M\u00f6glichkeit, den Marker am G\u00fcrtel zu befestigen; Kappe leicht mit einer Hand zu \u00f6ffnen; Design, das so konzipiert ist, dass es auf Oberfl\u00e4chen nicht verrutscht <\/p>\n","protected":false},"excerpt":{"rendered":"<p>Sehr lange Lebensdauer der Spitze, die auch unter hohem Druck des Benutzers nicht besch\u00e4digt wird \u2013 verhindert, dass die Spitze<\/p>\n","protected":false},"featured_media":483035,"template":"","meta":{"_seopress_robots_primary_cat":"","_seopress_titles_title":"","_seopress_titles_desc":"","_seopress_robots_index":""},"product_brand":[3407],"product_cat":[29,558],"product_tag":[3270],"class_list":{"0":"post-502091","1":"product","2":"type-product","3":"status-publish","4":"has-post-thumbnail","6":"product_brand-milwaukee","7":"product_cat-macchinari","8":"product_cat-seghe-accessori-vari","9":"product_tag-import-milwau","10":"sws-gruppo-macchinari-de","11":"sws-conto-ricavi-merci-rivendita-macchinari-de","12":"sws-gruppo-iva-iva81-de","14":"first","15":"instock","16":"sale","17":"shipping-taxable","18":"purchasable","19":"product-type-simple"},"_links":{"self":[{"href":"https:\/\/lucacastelli.com\/de\/wp-json\/wp\/v2\/product\/502091","targetHints":{"allow":["GET"]}}],"collection":[{"href":"https:\/\/lucacastelli.com\/de\/wp-json\/wp\/v2\/product"}],"about":[{"href":"https:\/\/lucacastelli.com\/de\/wp-json\/wp\/v2\/types\/product"}],"wp:featuredmedia":[{"embeddable":true,"href":"https:\/\/lucacastelli.com\/de\/wp-json\/wp\/v2\/media\/483035"}],"wp:attachment":[{"href":"https:\/\/lucacastelli.com\/de\/wp-json\/wp\/v2\/media?parent=502091"}],"wp:term":[{"taxonomy":"product_brand","embeddable":true,"href":"https:\/\/lucacastelli.com\/de\/wp-json\/wp\/v2\/product_brand?post=502091"},{"taxonomy":"product_cat","embeddable":true,"href":"https:\/\/lucacastelli.com\/de\/wp-json\/wp\/v2\/product_cat?post=502091"},{"taxonomy":"product_tag","embeddable":true,"href":"https:\/\/lucacastelli.com\/de\/wp-json\/wp\/v2\/product_tag?post=502091"}],"curies":[{"name":"wp","href":"https:\/\/api.w.org\/{rel}","templated":true}]}}