{"id":502077,"date":"2025-07-12T17:49:06","date_gmt":"2025-07-12T15:49:06","guid":{"rendered":"https:\/\/lucacastelli.com\/prodotto\/milwaukee-permanent-marker-set\/"},"modified":"2026-04-16T02:36:23","modified_gmt":"2026-04-16T00:36:23","slug":"milwaukee-permanent-marker-set","status":"publish","type":"product","link":"https:\/\/lucacastelli.com\/de\/produkt\/milwaukee-permanent-marker-set\/","title":{"rendered":"MILWAUKEE Set Permanentmarker"},"content":{"rendered":"<p>PERMANENTMARKER SET S\/R\/B\/G 4 Stk.<br \/>\nH\u00f6chste Spitzenhaltbarkeit, die sich auch unter hohem Anwenderdruck nicht verformt \u2013 verhindert das Abrunden der Spitze;Acrylspitze ideal f\u00fcr raue Oberfl\u00e4chen wie Beton oder Sperrholz;Hohe Spitzenbest\u00e4ndigkeit. Der Marker schreibt auch nach 72 Stunden Luftexposition weiter;F\u00fcr den Einsatz auf Beton, Holz, Metall, Gipskarton, Sperrholz, Kunststoff;Kann auf nassen, \u00f6ligen, staubigen, rostigen Oberfl\u00e4chen und auf Oberfl\u00e4chen mit Ablagerungen verwendet werden;Schnelle Trocknungszeit \u2013 reduziert Verschmierungen auf Kunststoff- und Metalloberfl\u00e4chen;Schlanker K\u00f6rper f\u00fcr den Einsatz in engen Bereichen;Schlaufenloch \u2013 M\u00f6glichkeit zur Befestigung des Markers am G\u00fcrtel;Kappe l\u00e4sst sich einfach mit einer Hand \u00f6ffnen;Rutschfestes Design f\u00fcr sichere Handhabung  <\/p>\n<p>Permanentmarker<br \/>\n045242333585<\/p>\n","protected":false},"excerpt":{"rendered":"<p>PERMANENTMARKER SET S\/R\/B\/G 4 Stk. H\u00f6chste Spitzenhaltbarkeit, die sich auch unter hohem Anwenderdruck nicht verformt \u2013 verhindert das Abrunden der<\/p>\n","protected":false},"featured_media":482958,"template":"","meta":{"_seopress_robots_primary_cat":"","_seopress_titles_title":"","_seopress_titles_desc":"","_seopress_robots_index":""},"product_brand":[3407],"product_cat":[29,558],"product_tag":[6834],"class_list":{"0":"post-502077","1":"product","2":"type-product","3":"status-publish","4":"has-post-thumbnail","6":"product_brand-milwaukee","7":"product_cat-macchinari","8":"product_cat-seghe-accessori-vari","9":"product_tag-imp-26-mw_update","10":"sws-gruppo-macchinari-de","11":"sws-conto-ricavi-merci-rivendita-macchinari-de","12":"sws-gruppo-iva-iva81-de","14":"first","15":"instock","16":"sale","17":"shipping-taxable","18":"purchasable","19":"product-type-simple"},"_links":{"self":[{"href":"https:\/\/lucacastelli.com\/de\/wp-json\/wp\/v2\/product\/502077","targetHints":{"allow":["GET"]}}],"collection":[{"href":"https:\/\/lucacastelli.com\/de\/wp-json\/wp\/v2\/product"}],"about":[{"href":"https:\/\/lucacastelli.com\/de\/wp-json\/wp\/v2\/types\/product"}],"wp:featuredmedia":[{"embeddable":true,"href":"https:\/\/lucacastelli.com\/de\/wp-json\/wp\/v2\/media\/482958"}],"wp:attachment":[{"href":"https:\/\/lucacastelli.com\/de\/wp-json\/wp\/v2\/media?parent=502077"}],"wp:term":[{"taxonomy":"product_brand","embeddable":true,"href":"https:\/\/lucacastelli.com\/de\/wp-json\/wp\/v2\/product_brand?post=502077"},{"taxonomy":"product_cat","embeddable":true,"href":"https:\/\/lucacastelli.com\/de\/wp-json\/wp\/v2\/product_cat?post=502077"},{"taxonomy":"product_tag","embeddable":true,"href":"https:\/\/lucacastelli.com\/de\/wp-json\/wp\/v2\/product_tag?post=502077"}],"curies":[{"name":"wp","href":"https:\/\/api.w.org\/{rel}","templated":true}]}}