{"id":502073,"date":"2025-07-12T17:49:01","date_gmt":"2025-07-12T15:49:01","guid":{"rendered":"https:\/\/lucacastelli.com\/prodotto\/milwaukee-taschenmesser-3\/"},"modified":"2025-07-12T17:49:01","modified_gmt":"2025-07-12T15:49:01","slug":"milwaukee-taschenmesser-3","status":"publish","type":"product","link":"https:\/\/lucacastelli.com\/de\/produkt\/milwaukee-taschenmesser-3\/","title":{"rendered":"MILWAUKEE Taschenmesser"},"content":{"rendered":"<p>Die hochwertige D2-Klinge verhindert Korrosion und bleibt l\u00e4nger scharf; Gezackte Klinge. Ideal f\u00fcr die anspruchsvollsten Anwendungen; Schnell\u00f6ffnung mit Lagersystem: kann nur mit zwei H\u00e4nden ge\u00f6ffnet werden; Die \u00d6ffnung des Stahlrahmens h\u00e4lt die Klinge in der ge\u00f6ffneten Position; Griff aus Nylon und Edelstahl; Der Stift fixiert die Klinge in der ge\u00f6ffneten Position; Loch am Schn\u00fcrsenkel; G\u00fcrtelclip f\u00fcr schnellen Zugriff, ohne die Taschen zu ruinieren <\/p>\n","protected":false},"excerpt":{"rendered":"<p>Die hochwertige D2-Klinge verhindert Korrosion und bleibt l\u00e4nger scharf; Gezackte Klinge. Ideal f\u00fcr die anspruchsvollsten Anwendungen; Schnell\u00f6ffnung mit Lagersystem: kann<\/p>\n","protected":false},"featured_media":482819,"template":"","meta":{"_seopress_robots_primary_cat":"","_seopress_titles_title":"","_seopress_titles_desc":"","_seopress_robots_index":""},"product_brand":[3407],"product_cat":[29,558],"product_tag":[3270],"class_list":{"0":"post-502073","1":"product","2":"type-product","3":"status-publish","4":"has-post-thumbnail","6":"product_brand-milwaukee","7":"product_cat-macchinari","8":"product_cat-seghe-accessori-vari","9":"product_tag-import-milwau","10":"sws-gruppo-macchinari-de","11":"sws-conto-ricavi-merci-rivendita-macchinari-de","12":"sws-gruppo-iva-iva81-de","14":"first","15":"instock","16":"sale","17":"shipping-taxable","18":"purchasable","19":"product-type-simple"},"_links":{"self":[{"href":"https:\/\/lucacastelli.com\/de\/wp-json\/wp\/v2\/product\/502073","targetHints":{"allow":["GET"]}}],"collection":[{"href":"https:\/\/lucacastelli.com\/de\/wp-json\/wp\/v2\/product"}],"about":[{"href":"https:\/\/lucacastelli.com\/de\/wp-json\/wp\/v2\/types\/product"}],"wp:featuredmedia":[{"embeddable":true,"href":"https:\/\/lucacastelli.com\/de\/wp-json\/wp\/v2\/media\/482819"}],"wp:attachment":[{"href":"https:\/\/lucacastelli.com\/de\/wp-json\/wp\/v2\/media?parent=502073"}],"wp:term":[{"taxonomy":"product_brand","embeddable":true,"href":"https:\/\/lucacastelli.com\/de\/wp-json\/wp\/v2\/product_brand?post=502073"},{"taxonomy":"product_cat","embeddable":true,"href":"https:\/\/lucacastelli.com\/de\/wp-json\/wp\/v2\/product_cat?post=502073"},{"taxonomy":"product_tag","embeddable":true,"href":"https:\/\/lucacastelli.com\/de\/wp-json\/wp\/v2\/product_tag?post=502073"}],"curies":[{"name":"wp","href":"https:\/\/api.w.org\/{rel}","templated":true}]}}