{"id":502055,"date":"2025-07-12T17:48:58","date_gmt":"2025-07-12T15:48:58","guid":{"rendered":"https:\/\/lucacastelli.com\/prodotto\/milwaukee-segment-klingenmesser-2\/"},"modified":"2025-07-12T17:48:58","modified_gmt":"2025-07-12T15:48:58","slug":"milwaukee-segment-klingenmesser-2","status":"publish","type":"product","link":"https:\/\/lucacastelli.com\/de\/produkt\/milwaukee-segment-klingenmesser-2\/","title":{"rendered":"MILWAUKEE Segment-Klingenmesser"},"content":{"rendered":"<p>Klingenverstellsperre aus Metall, die eine bis zu 4-mal l\u00e4ngere Lebensdauer erm\u00f6glicht; Bis zu doppelt so schnelle Klingenverstellung dank der Oversize-Locke; Schnelle und einfache Erneuerung der Klinge; Gummierung f\u00fcr mehr Komfort und hohen Grip w\u00e4hrend der Anwendung; Hartmetallklinge, die es erm\u00f6glicht, dass die Klinge bis zu 2-mal l\u00e4nger haltbar ist als die klassische Klinge, was eine hohe Schnittpr\u00e4zision und einen sauberen Schnitt erm\u00f6glicht<\/p>\n","protected":false},"excerpt":{"rendered":"<p>Klingenverstellsperre aus Metall, die eine bis zu 4-mal l\u00e4ngere Lebensdauer erm\u00f6glicht; Bis zu doppelt so schnelle Klingenverstellung dank der Oversize-Locke;<\/p>\n","protected":false},"featured_media":482695,"template":"","meta":{"_seopress_robots_primary_cat":"","_seopress_titles_title":"","_seopress_titles_desc":"","_seopress_robots_index":""},"product_brand":[3407],"product_cat":[29,558],"product_tag":[3270],"class_list":{"0":"post-502055","1":"product","2":"type-product","3":"status-publish","4":"has-post-thumbnail","6":"product_brand-milwaukee","7":"product_cat-macchinari","8":"product_cat-seghe-accessori-vari","9":"product_tag-import-milwau","10":"sws-gruppo-macchinari-de","11":"sws-conto-ricavi-merci-rivendita-macchinari-de","12":"sws-gruppo-iva-iva81-de","14":"first","15":"instock","16":"sale","17":"shipping-taxable","18":"purchasable","19":"product-type-simple"},"_links":{"self":[{"href":"https:\/\/lucacastelli.com\/de\/wp-json\/wp\/v2\/product\/502055","targetHints":{"allow":["GET"]}}],"collection":[{"href":"https:\/\/lucacastelli.com\/de\/wp-json\/wp\/v2\/product"}],"about":[{"href":"https:\/\/lucacastelli.com\/de\/wp-json\/wp\/v2\/types\/product"}],"wp:featuredmedia":[{"embeddable":true,"href":"https:\/\/lucacastelli.com\/de\/wp-json\/wp\/v2\/media\/482695"}],"wp:attachment":[{"href":"https:\/\/lucacastelli.com\/de\/wp-json\/wp\/v2\/media?parent=502055"}],"wp:term":[{"taxonomy":"product_brand","embeddable":true,"href":"https:\/\/lucacastelli.com\/de\/wp-json\/wp\/v2\/product_brand?post=502055"},{"taxonomy":"product_cat","embeddable":true,"href":"https:\/\/lucacastelli.com\/de\/wp-json\/wp\/v2\/product_cat?post=502055"},{"taxonomy":"product_tag","embeddable":true,"href":"https:\/\/lucacastelli.com\/de\/wp-json\/wp\/v2\/product_tag?post=502055"}],"curies":[{"name":"wp","href":"https:\/\/api.w.org\/{rel}","templated":true}]}}