{"id":502044,"date":"2025-07-12T17:48:50","date_gmt":"2025-07-12T15:48:50","guid":{"rendered":"https:\/\/lucacastelli.com\/prodotto\/milwaukee-holzbalkenbohrer-set\/"},"modified":"2025-07-12T17:48:50","modified_gmt":"2025-07-12T15:48:50","slug":"milwaukee-holzbalkenbohrer-set","status":"publish","type":"product","link":"https:\/\/lucacastelli.com\/de\/produkt\/milwaukee-holzbalkenbohrer-set\/","title":{"rendered":"MILWAUKEE Holzbalkenbohrer-Set"},"content":{"rendered":"<p>Geeignet f\u00fcr die Verwendung mit allen Arten von kabelgebundenen und kabellosen Bohrmaschinen und Schlagschraubern; Das Bohren mit dem Schlagschrauber erm\u00f6glicht das Bohren mit weniger Kraftaufwand; Spezielle W\u00e4rmebehandlung, um dem Angriff und den Zehen mehr H\u00e4rte und Widerstandsf\u00e4higkeit zu verleihen und dem K\u00f6rper Flexibilit\u00e4t zu verleihen; Das neue Spitzendesign erm\u00f6glicht ein pr\u00e4ziseres und saubereres Loch. Die Nut ist poliert und mit einer speziellen Patina \u00fcberzogen; Dies sorgt f\u00fcr eine effiziente Spanabfuhr, indem die Bohrgeschwindigkeit erh\u00f6ht und die Reibung reduziert wird. Die Neigung der Schneide um 20\u00b0 erm\u00f6glicht eine einfache Spanabfuhr; Die gl\u00e4nzende, lackierte Nut erzeugt eine antihaftbeschichtete Oberfl\u00e4che f\u00fcr einen schnelleren Spanauswurf; Splitter werden w\u00e4hrend des Auftragens entfernt, um eine glatte Oberfl\u00e4che zu hinterlassen; Breite Nut f\u00fcr schnelle Spanabfuhr; Extrem scharfe Schneidkanten f\u00fcr schnelles und pr\u00e4zises Schneiden; Schneiden, die nachgesch\u00e4rft werden k\u00f6nnen; Um diese Bits an Schlagschraubern mit 1\/2Zoll-Antrieb zu verwenden, ist es notwendig, den Adaptercode 48660061 zu verwenden; Diese Bits k\u00f6nnen auch in Anwendungen auf hartem und weichem, nassem und behandeltem Holz, Sperrholz, Spanplatten, Teak, Buche, Eiche, WPC (Kunststoff-Holz-Verbundwerkstoff), laminierten Balken, Platten usw. verwendet werden <\/p>\n","protected":false},"excerpt":{"rendered":"<p>Geeignet f\u00fcr die Verwendung mit allen Arten von kabelgebundenen und kabellosen Bohrmaschinen und Schlagschraubern; Das Bohren mit dem Schlagschrauber erm\u00f6glicht<\/p>\n","protected":false},"featured_media":0,"template":"","meta":{"_seopress_robots_primary_cat":"","_seopress_titles_title":"","_seopress_titles_desc":"","_seopress_robots_index":""},"product_brand":[3407],"product_cat":[29,558],"product_tag":[3270],"class_list":{"0":"post-502044","1":"product","2":"type-product","3":"status-publish","5":"product_brand-milwaukee","6":"product_cat-macchinari","7":"product_cat-seghe-accessori-vari","8":"product_tag-import-milwau","9":"sws-gruppo-macchinari-de","10":"sws-conto-ricavi-merci-rivendita-macchinari-de","11":"sws-gruppo-iva-iva81-de","13":"first","14":"instock","15":"sale","16":"shipping-taxable","17":"purchasable","18":"product-type-simple"},"_links":{"self":[{"href":"https:\/\/lucacastelli.com\/de\/wp-json\/wp\/v2\/product\/502044","targetHints":{"allow":["GET"]}}],"collection":[{"href":"https:\/\/lucacastelli.com\/de\/wp-json\/wp\/v2\/product"}],"about":[{"href":"https:\/\/lucacastelli.com\/de\/wp-json\/wp\/v2\/types\/product"}],"wp:attachment":[{"href":"https:\/\/lucacastelli.com\/de\/wp-json\/wp\/v2\/media?parent=502044"}],"wp:term":[{"taxonomy":"product_brand","embeddable":true,"href":"https:\/\/lucacastelli.com\/de\/wp-json\/wp\/v2\/product_brand?post=502044"},{"taxonomy":"product_cat","embeddable":true,"href":"https:\/\/lucacastelli.com\/de\/wp-json\/wp\/v2\/product_cat?post=502044"},{"taxonomy":"product_tag","embeddable":true,"href":"https:\/\/lucacastelli.com\/de\/wp-json\/wp\/v2\/product_tag?post=502044"}],"curies":[{"name":"wp","href":"https:\/\/api.w.org\/{rel}","templated":true}]}}