{"id":501934,"date":"2025-07-18T09:21:59","date_gmt":"2025-07-18T07:21:59","guid":{"rendered":"https:\/\/lucacastelli.com\/prodotto\/milwaukee-bohrer-connect\/"},"modified":"2025-07-18T09:21:59","modified_gmt":"2025-07-18T07:21:59","slug":"milwaukee-bohrer-connect","status":"publish","type":"product","link":"https:\/\/lucacastelli.com\/de\/produkt\/milwaukee-bohrer-connect\/","title":{"rendered":"MILWAUKEE Bohrer Connect"},"content":{"rendered":"<p>Das innovative Drill Connect-System ist die ideale L\u00f6sung f\u00fcr alle, die maximale Vielseitigkeit ben\u00f6tigen. Vielseitig: Drill Connect fungiert als Verbindung zwischen der Verl\u00e4ngerung und dem Bohrer. Das System ist voll kompatibel mit allen Bohrern, Tunnelbohrern und Kernbohrern mit SDS-Max-Aufsatz; Universell: Verl\u00e4ngerungen sind in verschiedenen L\u00e4ngen f\u00fcr SDS-Max-Bohrh\u00e4mmer erh\u00e4ltlich; Wirtschaftlich: Kostenreduzierung durch den Einsatz von kurzen Bohrern, die mittels Drill Connect und Verl\u00e4ngerungen verl\u00e4ngert werden k\u00f6nnen. Es erm\u00f6glicht Ihnen, Lagerkosten\/Lagerkosten und Investitionen erheblich zu reduzieren. Kurze Tipps sind g\u00fcnstiger; Effektiv: 100% Energie\u00fcbertragung vom Hammer zur Spitze; Gewichtsreduzierung: durch Verwendung von kurzen Bohrwerkzeugen und Verl\u00e4ngerungen mit 18 mm Durchmesser; Es wird empfohlen, den Drill Connect nach Gebrauch von Zementstaub zu reinigen und zu fetten. St\u00e4ndige Wartung; Das innovative und patentierte Drill Connect-System ist die ultimative L\u00f6sung f\u00fcr alle, die maximale Vielseitigkeit mit Bohrwerkzeugen mit gro\u00dfem Durchmesser (\u00fcber 32 mm Durchmesser) suchen. Drill Connect fungiert als Bindeglied zwischen der Maschine (Klasse bis 8 kg) und den Bohrwerkzeugen     <\/p>\n","protected":false},"excerpt":{"rendered":"<p>Das innovative Drill Connect-System ist die ideale L\u00f6sung f\u00fcr alle, die maximale Vielseitigkeit ben\u00f6tigen. Vielseitig: Drill Connect fungiert als Verbindung<\/p>\n","protected":false},"featured_media":494969,"template":"","meta":{"_seopress_robots_primary_cat":"","_seopress_titles_title":"","_seopress_titles_desc":"","_seopress_robots_index":""},"product_brand":[3656],"product_cat":[169,1553,1554],"product_tag":[3272],"class_list":{"0":"post-501934","1":"product","2":"type-product","3":"status-publish","4":"has-post-thumbnail","6":"product_brand-milwaukee-de","7":"product_cat-maschinen","8":"product_cat-bohrer-und-schraubendreher","9":"product_cat-zubehor-fur-bohrmaschinen-und-schraubendreher","10":"product_tag-import-milwau-de","11":"sws-gruppo-macchinari-de","12":"sws-conto-ricavi-merci-rivendita-macchinari-de","13":"sws-gruppo-iva-iva81-de","15":"first","16":"onbackorder","17":"sale","18":"shipping-taxable","19":"purchasable","20":"product-type-simple"},"_links":{"self":[{"href":"https:\/\/lucacastelli.com\/de\/wp-json\/wp\/v2\/product\/501934","targetHints":{"allow":["GET"]}}],"collection":[{"href":"https:\/\/lucacastelli.com\/de\/wp-json\/wp\/v2\/product"}],"about":[{"href":"https:\/\/lucacastelli.com\/de\/wp-json\/wp\/v2\/types\/product"}],"wp:featuredmedia":[{"embeddable":true,"href":"https:\/\/lucacastelli.com\/de\/wp-json\/wp\/v2\/media\/494969"}],"wp:attachment":[{"href":"https:\/\/lucacastelli.com\/de\/wp-json\/wp\/v2\/media?parent=501934"}],"wp:term":[{"taxonomy":"product_brand","embeddable":true,"href":"https:\/\/lucacastelli.com\/de\/wp-json\/wp\/v2\/product_brand?post=501934"},{"taxonomy":"product_cat","embeddable":true,"href":"https:\/\/lucacastelli.com\/de\/wp-json\/wp\/v2\/product_cat?post=501934"},{"taxonomy":"product_tag","embeddable":true,"href":"https:\/\/lucacastelli.com\/de\/wp-json\/wp\/v2\/product_tag?post=501934"}],"curies":[{"name":"wp","href":"https:\/\/api.w.org\/{rel}","templated":true}]}}