{"id":501824,"date":"2025-07-12T17:52:03","date_gmt":"2025-07-12T15:52:03","guid":{"rendered":"https:\/\/lucacastelli.com\/prodotto\/milwaukee-klingen-set\/"},"modified":"2025-07-12T17:52:03","modified_gmt":"2025-07-12T15:52:03","slug":"milwaukee-klingen-set","status":"publish","type":"product","link":"https:\/\/lucacastelli.com\/de\/produkt\/milwaukee-klingen-set\/","title":{"rendered":"MILWAUKEE Klingen-Set"},"content":{"rendered":"<p>M12 Akku-Kabelschneider-Messer-Set geeignet f\u00fcr Aufh\u00e4ngeseile mit einem Durchmesser von bis zu 9,5 mm;Nicht geeignet f\u00fcr armierte Kabel<\/p>\n","protected":false},"excerpt":{"rendered":"<p>M12 Akku-Kabelschneider-Messer-Set geeignet f\u00fcr Aufh\u00e4ngeseile mit einem Durchmesser von bis zu 9,5 mm;Nicht geeignet f\u00fcr armierte Kabel<\/p>\n","protected":false},"featured_media":0,"template":"","meta":{"_seopress_robots_primary_cat":"","_seopress_titles_title":"","_seopress_titles_desc":"","_seopress_robots_index":""},"product_brand":[3656],"product_cat":[169,1535],"product_tag":[6837],"class_list":{"0":"post-501824","1":"product","2":"type-product","3":"status-publish","5":"product_brand-milwaukee-de","6":"product_cat-maschinen","7":"product_cat-sagen","8":"product_tag-imp-26-mw_update","9":"sws-gruppo-macchinari-de","10":"sws-conto-ricavi-merci-rivendita-macchinari-de","11":"sws-gruppo-iva-iva81-de","13":"first","14":"instock","15":"sale","16":"shipping-taxable","17":"purchasable","18":"product-type-simple"},"_links":{"self":[{"href":"https:\/\/lucacastelli.com\/de\/wp-json\/wp\/v2\/product\/501824","targetHints":{"allow":["GET"]}}],"collection":[{"href":"https:\/\/lucacastelli.com\/de\/wp-json\/wp\/v2\/product"}],"about":[{"href":"https:\/\/lucacastelli.com\/de\/wp-json\/wp\/v2\/types\/product"}],"wp:attachment":[{"href":"https:\/\/lucacastelli.com\/de\/wp-json\/wp\/v2\/media?parent=501824"}],"wp:term":[{"taxonomy":"product_brand","embeddable":true,"href":"https:\/\/lucacastelli.com\/de\/wp-json\/wp\/v2\/product_brand?post=501824"},{"taxonomy":"product_cat","embeddable":true,"href":"https:\/\/lucacastelli.com\/de\/wp-json\/wp\/v2\/product_cat?post=501824"},{"taxonomy":"product_tag","embeddable":true,"href":"https:\/\/lucacastelli.com\/de\/wp-json\/wp\/v2\/product_tag?post=501824"}],"curies":[{"name":"wp","href":"https:\/\/api.w.org\/{rel}","templated":true}]}}