{"id":501811,"date":"2025-07-12T17:51:59","date_gmt":"2025-07-12T15:51:59","guid":{"rendered":"https:\/\/lucacastelli.com\/prodotto\/milwaukee-klinge-4\/"},"modified":"2026-04-16T02:21:55","modified_gmt":"2026-04-16T00:21:55","slug":"milwaukee-klinge-4","status":"publish","type":"product","link":"https:\/\/lucacastelli.com\/de\/produkt\/milwaukee-klinge-4\/","title":{"rendered":"MILWAUKEE S\u00e4geblatt"},"content":{"rendered":"<p>KREISS\u00c4GEBLATT Durchm.\/Bohrung mm 174\/20 Z36 -1 Stk.<br \/>\nOptimal f\u00fcr weichen Stahl, Stahlbleche bis 2,5 mm, Wellbleche bis 2,5 mm Dicke, Stahlrohre;Zahngeometrie f\u00fcr optimale Leistung;Z\u00e4hne aus Cermet (Keramik und Metall) f\u00fcr l\u00e4ngere Lebensdauer der Klinge;S\u00e4geblatt mit spezifischer Spannung f\u00fcr pr\u00e4zisere Schnitte;Zahnkonfiguration f\u00fcr besseren Sp\u00e4neabtransport;Schlitzgeometrie zur Reduzierung von Vibrationen;Sauberer Schnitt dank spezieller Zahngeometrie;Kalter Schnitt dank Cermet-Zahnzusammensetzung;Schneller Schnitt dank Zahnteilung;Geringere Kosten im Vergleich zu Trennscheiben;Geringere Ger\u00e4uschentwicklung im Vergleich zu herk\u00f6mmlichen S\u00e4gebl\u00e4ttern;Geringere Vibrationen dank Stammblattgeometrie;Absolute Sicherheit, keine Funken, kalter Schnitt<\/p>\n<p>Klingen f\u00fcr Kreiss\u00e4gen METALL<br \/>\n045242569052<\/p>\n","protected":false},"excerpt":{"rendered":"<p>KREISS\u00c4GEBLATT Durchm.\/Bohrung mm 174\/20 Z36 -1 Stk. Optimal f\u00fcr weichen Stahl, Stahlbleche bis 2,5 mm, Wellbleche bis 2,5 mm Dicke,<\/p>\n","protected":false},"featured_media":484353,"template":"","meta":{"_seopress_robots_primary_cat":"","_seopress_titles_title":"","_seopress_titles_desc":"","_seopress_robots_index":""},"product_brand":[3407],"product_cat":[29,558],"product_tag":[6834],"class_list":{"0":"post-501811","1":"product","2":"type-product","3":"status-publish","4":"has-post-thumbnail","6":"product_brand-milwaukee","7":"product_cat-macchinari","8":"product_cat-seghe-accessori-vari","9":"product_tag-imp-26-mw_update","10":"sws-gruppo-macchinari-de","11":"sws-conto-ricavi-merci-rivendita-macchinari-de","12":"sws-gruppo-iva-iva81-de","14":"first","15":"instock","16":"sale","17":"shipping-taxable","18":"purchasable","19":"product-type-simple"},"_links":{"self":[{"href":"https:\/\/lucacastelli.com\/de\/wp-json\/wp\/v2\/product\/501811","targetHints":{"allow":["GET"]}}],"collection":[{"href":"https:\/\/lucacastelli.com\/de\/wp-json\/wp\/v2\/product"}],"about":[{"href":"https:\/\/lucacastelli.com\/de\/wp-json\/wp\/v2\/types\/product"}],"wp:featuredmedia":[{"embeddable":true,"href":"https:\/\/lucacastelli.com\/de\/wp-json\/wp\/v2\/media\/484353"}],"wp:attachment":[{"href":"https:\/\/lucacastelli.com\/de\/wp-json\/wp\/v2\/media?parent=501811"}],"wp:term":[{"taxonomy":"product_brand","embeddable":true,"href":"https:\/\/lucacastelli.com\/de\/wp-json\/wp\/v2\/product_brand?post=501811"},{"taxonomy":"product_cat","embeddable":true,"href":"https:\/\/lucacastelli.com\/de\/wp-json\/wp\/v2\/product_cat?post=501811"},{"taxonomy":"product_tag","embeddable":true,"href":"https:\/\/lucacastelli.com\/de\/wp-json\/wp\/v2\/product_tag?post=501811"}],"curies":[{"name":"wp","href":"https:\/\/api.w.org\/{rel}","templated":true}]}}