{"id":501802,"date":"2025-07-12T17:51:56","date_gmt":"2025-07-12T15:51:56","guid":{"rendered":"https:\/\/lucacastelli.com\/prodotto\/milwaukee-klinge\/"},"modified":"2025-07-12T17:51:56","modified_gmt":"2025-07-12T15:51:56","slug":"milwaukee-klinge","status":"publish","type":"product","link":"https:\/\/lucacastelli.com\/de\/produkt\/milwaukee-klinge\/","title":{"rendered":"MILWAUKEE Klinge"},"content":{"rendered":"<p>Zahngeometrie f\u00fcr hervorragende Leistung; Z\u00e4hne aus Cermet (Keramik und Metall) f\u00fcr eine l\u00e4ngere Lebensdauer der Klinge; Klingenk\u00f6rper mit spezifischer Spannung, um pr\u00e4zisere Schnitte zu erm\u00f6glichen; Zinkenkonfiguration f\u00fcr eine bessere Entfernung von Schmutz; Kerbgeometrie zur Vibrationsreduzierung; Sauberer Schnitt dank der besonderen Geometrie der Z\u00e4hne; Kaltschnitt, dank der Zusammensetzung der Z\u00e4hne in Cermet; Schnelles Schneiden dank der Art der Zahnteilung; Geringere Kosten als bei der Verwendung von Schleifscheiben; Weniger L\u00e4rm als eine herk\u00f6mmliche Klinge; Geringere Vibrationen durch Kerngeometrie; Absolute Sicherheit, kein Funken, Aufschnitt<\/p>\n","protected":false},"excerpt":{"rendered":"<p>Zahngeometrie f\u00fcr hervorragende Leistung; Z\u00e4hne aus Cermet (Keramik und Metall) f\u00fcr eine l\u00e4ngere Lebensdauer der Klinge; Klingenk\u00f6rper mit spezifischer Spannung,<\/p>\n","protected":false},"featured_media":484353,"template":"","meta":{"_seopress_robots_primary_cat":"","_seopress_titles_title":"","_seopress_titles_desc":"","_seopress_robots_index":""},"product_brand":[3656],"product_cat":[169,1535],"product_tag":[6837],"class_list":{"0":"post-501802","1":"product","2":"type-product","3":"status-publish","4":"has-post-thumbnail","6":"product_brand-milwaukee-de","7":"product_cat-maschinen","8":"product_cat-sagen","9":"product_tag-imp-26-mw_update","10":"sws-gruppo-macchinari-de","11":"sws-conto-ricavi-merci-rivendita-macchinari-de","12":"sws-gruppo-iva-iva81-de","14":"first","15":"instock","16":"sale","17":"shipping-taxable","18":"purchasable","19":"product-type-simple"},"_links":{"self":[{"href":"https:\/\/lucacastelli.com\/de\/wp-json\/wp\/v2\/product\/501802","targetHints":{"allow":["GET"]}}],"collection":[{"href":"https:\/\/lucacastelli.com\/de\/wp-json\/wp\/v2\/product"}],"about":[{"href":"https:\/\/lucacastelli.com\/de\/wp-json\/wp\/v2\/types\/product"}],"wp:featuredmedia":[{"embeddable":true,"href":"https:\/\/lucacastelli.com\/de\/wp-json\/wp\/v2\/media\/484353"}],"wp:attachment":[{"href":"https:\/\/lucacastelli.com\/de\/wp-json\/wp\/v2\/media?parent=501802"}],"wp:term":[{"taxonomy":"product_brand","embeddable":true,"href":"https:\/\/lucacastelli.com\/de\/wp-json\/wp\/v2\/product_brand?post=501802"},{"taxonomy":"product_cat","embeddable":true,"href":"https:\/\/lucacastelli.com\/de\/wp-json\/wp\/v2\/product_cat?post=501802"},{"taxonomy":"product_tag","embeddable":true,"href":"https:\/\/lucacastelli.com\/de\/wp-json\/wp\/v2\/product_tag?post=501802"}],"curies":[{"name":"wp","href":"https:\/\/api.w.org\/{rel}","templated":true}]}}