{"id":501751,"date":"2025-07-12T17:51:28","date_gmt":"2025-07-12T15:51:28","guid":{"rendered":"https:\/\/lucacastelli.com\/prodotto\/milwaukee-bimetall-bandsaegeblatt-5\/"},"modified":"2026-04-16T02:22:47","modified_gmt":"2026-04-16T00:22:47","slug":"milwaukee-bimetall-bandsaegeblatt-5","status":"publish","type":"product","link":"https:\/\/lucacastelli.com\/de\/produkt\/milwaukee-bimetall-bandsaegeblatt-5\/","title":{"rendered":"MILWAUKEE Bimetall-Bands\u00e4gebl\u00e4tter"},"content":{"rendered":"<p>S\u00c4GEBLATT L\u00e4nge\/Teilung 1140 mm\/25 3 STK<br \/>\nGeeignet f\u00fcr den Schnitt von: Winkeleisen, verzinktem Rohr und noch h\u00e4rteren St\u00e4hlen wie Gusseisen und INOX-Stahl<\/p>\n<p>L\u00e4nge 1139,83 x 12,7 x 0,51 mm (Kabelger\u00e4te &amp; M18 FUEL\u2122)<br \/>\n045242132362<\/p>\n","protected":false},"excerpt":{"rendered":"<p>S\u00c4GEBLATT L\u00e4nge\/Teilung 1140 mm\/25 3 STK Geeignet f\u00fcr den Schnitt von: Winkeleisen, verzinktem Rohr und noch h\u00e4rteren St\u00e4hlen wie Gusseisen<\/p>\n","protected":false},"featured_media":484249,"template":"","meta":{"_seopress_robots_primary_cat":"","_seopress_titles_title":"","_seopress_titles_desc":"","_seopress_robots_index":""},"product_brand":[3407],"product_cat":[29,558],"product_tag":[6834],"class_list":{"0":"post-501751","1":"product","2":"type-product","3":"status-publish","4":"has-post-thumbnail","6":"product_brand-milwaukee","7":"product_cat-macchinari","8":"product_cat-seghe-accessori-vari","9":"product_tag-imp-26-mw_update","10":"sws-gruppo-macchinari-de","11":"sws-conto-ricavi-merci-rivendita-macchinari-de","12":"sws-gruppo-iva-iva81-de","14":"first","15":"instock","16":"sale","17":"shipping-taxable","18":"purchasable","19":"product-type-simple"},"_links":{"self":[{"href":"https:\/\/lucacastelli.com\/de\/wp-json\/wp\/v2\/product\/501751","targetHints":{"allow":["GET"]}}],"collection":[{"href":"https:\/\/lucacastelli.com\/de\/wp-json\/wp\/v2\/product"}],"about":[{"href":"https:\/\/lucacastelli.com\/de\/wp-json\/wp\/v2\/types\/product"}],"wp:featuredmedia":[{"embeddable":true,"href":"https:\/\/lucacastelli.com\/de\/wp-json\/wp\/v2\/media\/484249"}],"wp:attachment":[{"href":"https:\/\/lucacastelli.com\/de\/wp-json\/wp\/v2\/media?parent=501751"}],"wp:term":[{"taxonomy":"product_brand","embeddable":true,"href":"https:\/\/lucacastelli.com\/de\/wp-json\/wp\/v2\/product_brand?post=501751"},{"taxonomy":"product_cat","embeddable":true,"href":"https:\/\/lucacastelli.com\/de\/wp-json\/wp\/v2\/product_cat?post=501751"},{"taxonomy":"product_tag","embeddable":true,"href":"https:\/\/lucacastelli.com\/de\/wp-json\/wp\/v2\/product_tag?post=501751"}],"curies":[{"name":"wp","href":"https:\/\/api.w.org\/{rel}","templated":true}]}}