{"id":501719,"date":"2025-07-12T17:51:17","date_gmt":"2025-07-12T15:51:17","guid":{"rendered":"https:\/\/lucacastelli.com\/prodotto\/milwaukee-gewindeschneidplatten-3\/"},"modified":"2025-07-12T17:51:17","modified_gmt":"2025-07-12T15:51:17","slug":"milwaukee-gewindeschneidplatten-3","status":"publish","type":"product","link":"https:\/\/lucacastelli.com\/de\/produkt\/milwaukee-gewindeschneidplatten-3\/","title":{"rendered":"MILWAUKEE Gewindeschneidplatten"},"content":{"rendered":"<p>Die Hochleistungsmatrizen, die bei den MILWAUKEE-Gewindeschneidmaschinen\u00ae zum Einsatz kommen, garantieren perfekte Gewinde, die lange halten. NPT (Nationales Kegelrohr); HS f\u00fcr Edelstahlrohranwendungen; Ein Set enth\u00e4lt 4 K\u00e4mme, die mit einem Kompass verwendet werden sollen<\/p>\n","protected":false},"excerpt":{"rendered":"<p>Die Hochleistungsmatrizen, die bei den MILWAUKEE-Gewindeschneidmaschinen\u00ae zum Einsatz kommen, garantieren perfekte Gewinde, die lange halten. NPT (Nationales Kegelrohr); HS f\u00fcr<\/p>\n","protected":false},"featured_media":484178,"template":"","meta":{"_seopress_robots_primary_cat":"","_seopress_titles_title":"","_seopress_titles_desc":"","_seopress_robots_index":""},"product_brand":[3407],"product_cat":[29,558],"product_tag":[3270],"class_list":{"0":"post-501719","1":"product","2":"type-product","3":"status-publish","4":"has-post-thumbnail","6":"product_brand-milwaukee","7":"product_cat-macchinari","8":"product_cat-seghe-accessori-vari","9":"product_tag-import-milwau","10":"sws-gruppo-macchinari-de","11":"sws-conto-ricavi-merci-rivendita-macchinari-de","12":"sws-gruppo-iva-iva81-de","14":"first","15":"instock","16":"sale","17":"shipping-taxable","18":"purchasable","19":"product-type-simple"},"_links":{"self":[{"href":"https:\/\/lucacastelli.com\/de\/wp-json\/wp\/v2\/product\/501719","targetHints":{"allow":["GET"]}}],"collection":[{"href":"https:\/\/lucacastelli.com\/de\/wp-json\/wp\/v2\/product"}],"about":[{"href":"https:\/\/lucacastelli.com\/de\/wp-json\/wp\/v2\/types\/product"}],"wp:featuredmedia":[{"embeddable":true,"href":"https:\/\/lucacastelli.com\/de\/wp-json\/wp\/v2\/media\/484178"}],"wp:attachment":[{"href":"https:\/\/lucacastelli.com\/de\/wp-json\/wp\/v2\/media?parent=501719"}],"wp:term":[{"taxonomy":"product_brand","embeddable":true,"href":"https:\/\/lucacastelli.com\/de\/wp-json\/wp\/v2\/product_brand?post=501719"},{"taxonomy":"product_cat","embeddable":true,"href":"https:\/\/lucacastelli.com\/de\/wp-json\/wp\/v2\/product_cat?post=501719"},{"taxonomy":"product_tag","embeddable":true,"href":"https:\/\/lucacastelli.com\/de\/wp-json\/wp\/v2\/product_tag?post=501719"}],"curies":[{"name":"wp","href":"https:\/\/api.w.org\/{rel}","templated":true}]}}